{"id":26991,"date":"2023-09-12T06:40:06","date_gmt":"2023-09-12T06:40:06","guid":{"rendered":"https:\/\/industryvacuumcleaner.com\/?post_type=product&#038;p=26991"},"modified":"2026-03-05T07:38:08","modified_gmt":"2026-03-05T07:38:08","slug":"dust-extractor","status":"publish","type":"product","link":"https:\/\/industryvacuumcleaner.com\/pt\/product\/dust-extractor\/","title":{"rendered":"Aspirador industrial monof\u00e1sico com saco"},"content":{"rendered":"<div class=\"ast-oembed-container\" style=\"height: 100%;\"><iframe title=\"aspirador industrial\" width=\"422\" height=\"750\" src=\"https:\/\/www.youtube.com\/embed\/kJnfRjS-1W4?feature=oembed\" frameborder=\"0\" allow=\"accelerometer; autoplay; clipboard-write; encrypted-media; gyroscope; picture-in-picture; web-share\" referrerpolicy=\"strict-origin-when-cross-origin\" allowfullscreen><\/iframe><\/div>\n<table width=\"1202\">\n<tbody>\n<tr>\n<td width=\"397\"><b>Modelo<\/b><\/td>\n<td width=\"359\"><b>JF502<\/b><\/td>\n<td width=\"446\"><b>JF503<\/b><\/td>\n<\/tr>\n<tr>\n<td width=\"397\"><b>Pot\u00eancia<\/b> <b>Fonte<\/b><b>\uff08<\/b><b>V\/Hz<\/b><b>\uff09<\/b><\/td>\n<td colspan=\"2\" width=\"805\">Monof\u00e1sico 220V, 50\/60 Hz<\/td>\n<\/tr>\n<tr>\n<td width=\"397\"><b>Motor<\/b> <b>Pot\u00eancia<\/b><b>\uff08<\/b><b>KW<\/b><b>\uff09<\/b><\/td>\n<td colspan=\"2\" width=\"805\">3,6kw<\/td>\n<\/tr>\n<tr>\n<td width=\"397\"><b>M\u00e1ximo. <\/b><b>Negativo<\/b> <b>Press\u00e3o<\/b><b>\uff08<\/b><b>mBar)<\/b><\/td>\n<td width=\"359\">200<\/td>\n<td width=\"446\">200<\/td>\n<\/tr>\n<tr>\n<td width=\"397\"><b>M\u00e1ximo <\/b><b>Ar<\/b> <b>Volume<\/b><b>\uff08<\/b><b>m<\/b><b>3<\/b><b>\/h<\/b><b>\uff09<\/b><\/td>\n<td width=\"359\">620<\/td>\n<td width=\"446\">620<\/td>\n<\/tr>\n<tr>\n<td width=\"397\"><b>Poeira <\/b><b>Vibrat\u00f3rio<\/b> <b>M\u00e9todo<\/b><\/td>\n<td width=\"359\">Blowback Vibra\u00e7\u00e3o Poeira<\/td>\n<td width=\"446\">P\u00f3 de vibra\u00e7\u00e3o el\u00e9ctrica + P\u00f3 de vibra\u00e7\u00e3o de retorno<\/td>\n<\/tr>\n<tr>\n<td width=\"397\"><b>Filtro<\/b> <b>Tipo<\/b><\/td>\n<td colspan=\"2\" width=\"805\">Tubo de filtro revestido a PTFE de fibra de poli\u00e9ster importada<\/td>\n<\/tr>\n<tr>\n<td width=\"397\"><b>Filtro<\/b> <b>\u00c1rea<\/b><b>\uff08<\/b><b>m<\/b><b>2<\/b><b>\uff09<\/b><\/td>\n<td colspan=\"2\" width=\"805\">30000<\/td>\n<\/tr>\n<tr>\n<td width=\"397\"><b>Filtragem<\/b> <b>Desempenho<\/b><\/td>\n<td colspan=\"2\" width=\"805\">0,3um, min\u226599,5%<\/td>\n<\/tr>\n<tr>\n<td width=\"397\"><b>Poeira <\/b><b>Balde<\/b> <b>Capacidade<\/b><b>\uff08<\/b><b>L<\/b><b>\uff09<\/b><\/td>\n<td colspan=\"2\" width=\"805\">65L<\/td>\n<\/tr>\n<tr>\n<td width=\"397\"><b>Ru\u00eddo<\/b><b>\uff08<\/b><b>dBA<\/b><b>\uff09<\/b><\/td>\n<td width=\"359\">78\u00b12<\/td>\n<td width=\"446\">78\u00b12<\/td>\n<\/tr>\n<tr>\n<td width=\"397\"><b>Tamanho<\/b><b>\uff08<\/b><b>cm<\/b><b>\uff09<\/b><\/td>\n<td colspan=\"2\" width=\"805\">660x675x1185<\/td>\n<\/tr>\n<tr>\n<td width=\"397\"><b>Peso<\/b><b>\uff08<\/b><b>kg<\/b><b>\uff09<\/b><\/td>\n<td colspan=\"2\" width=\"805\">50<\/td>\n<\/tr>\n<\/tbody>\n<\/table>\n<h4>Dust Extractor: Single-phase bagged industrial vacuum cleaner<\/h4>\n<p>&nbsp;<\/p>\n<ul>\n<li>3 industrial-grade all-copper dust and water suction motor.<\/li>\n<li>Can be independently controlled by the switch continuous bagging structure, easy to load and unload quickly. Sleeve bag by the tube plastic bag folded into a continuous pulling dust collected to a certain amount, the use of ties to seal,\u00a0 cut the bag can continue to use.<\/li>\n<li>Electrostatic spraying barrel body, beautiful and corrosion-resistant.<\/li>\n<li>Imported polyester fiber coated filter drum, pressure loss is small, high filtration precision.<\/li>\n<\/ul>\n<p><img fetchpriority=\"high\" decoding=\"async\" class=\"alignnone wp-image-26995 size-full\" src=\"https:\/\/industryvacuumcleaner.com\/wp-content\/uploads\/2023\/09\/Chinese-dust-extractor.png\" alt=\"\" width=\"744\" height=\"286\" srcset=\"https:\/\/industryvacuumcleaner.com\/wp-content\/uploads\/2023\/09\/Chinese-dust-extractor.png 744w, https:\/\/industryvacuumcleaner.com\/wp-content\/uploads\/2023\/09\/Chinese-dust-extractor-300x115.png 300w, https:\/\/industryvacuumcleaner.com\/wp-content\/uploads\/2023\/09\/Chinese-dust-extractor-600x231.png 600w\" sizes=\"(max-width: 744px) 100vw, 744px\" \/><\/p>\n<p><img decoding=\"async\" class=\"alignnone wp-image-27650 size-full\" src=\"https:\/\/industryvacuumcleaner.com\/wp-content\/uploads\/2023\/12\/HEPA-DUST-EXTRACTOR.jpg\" alt=\"\" width=\"750\" height=\"387\" srcset=\"https:\/\/industryvacuumcleaner.com\/wp-content\/uploads\/2023\/12\/HEPA-DUST-EXTRACTOR.jpg 750w, https:\/\/industryvacuumcleaner.com\/wp-content\/uploads\/2023\/12\/HEPA-DUST-EXTRACTOR-300x155.jpg 300w, https:\/\/industryvacuumcleaner.com\/wp-content\/uploads\/2023\/12\/HEPA-DUST-EXTRACTOR-600x310.jpg 600w\" sizes=\"(max-width: 750px) 100vw, 750px\" \/> <img decoding=\"async\" class=\"alignnone wp-image-27651 size-full\" src=\"https:\/\/industryvacuumcleaner.com\/wp-content\/uploads\/2023\/11\/industrial-vacuum-cleaner-accessories.png\" alt=\"\" width=\"1247\" height=\"695\" srcset=\"https:\/\/industryvacuumcleaner.com\/wp-content\/uploads\/2023\/11\/industrial-vacuum-cleaner-accessories.png 1247w, https:\/\/industryvacuumcleaner.com\/wp-content\/uploads\/2023\/11\/industrial-vacuum-cleaner-accessories-300x167.png 300w, https:\/\/industryvacuumcleaner.com\/wp-content\/uploads\/2023\/11\/industrial-vacuum-cleaner-accessories-1024x571.png 1024w, https:\/\/industryvacuumcleaner.com\/wp-content\/uploads\/2023\/11\/industrial-vacuum-cleaner-accessories-768x428.png 768w, https:\/\/industryvacuumcleaner.com\/wp-content\/uploads\/2023\/11\/industrial-vacuum-cleaner-accessories-600x334.png 600w\" sizes=\"(max-width: 1247px) 100vw, 1247px\" \/><\/p>","protected":false},"excerpt":{"rendered":"<p>Standard with imported polyester fiber coated filter barrel, suitable for continuous work, dust particle size is small, dust volume is large working conditions, especially for floor grinding, shot blasting and other working conditions. The height of the machine can be adjusted, convenient for transportation.<\/p>","protected":false},"featured_media":29127,"template":"","meta":{"nf_dc_page":"","site-sidebar-layout":"default","site-content-layout":"default","ast-site-content-layout":"default","site-content-style":"default","site-sidebar-style":"default","ast-global-header-display":"","ast-banner-title-visibility":"","ast-main-header-display":"","ast-hfb-above-header-display":"","ast-hfb-below-header-display":"","ast-hfb-mobile-header-display":"","site-post-title":"","ast-breadcrumbs-content":"","ast-featured-img":"","footer-sml-layout":"","ast-disable-related-posts":"","theme-transparent-header-meta":"default","adv-header-id-meta":"","stick-header-meta":"","header-above-stick-meta":"","header-main-stick-meta":"","header-below-stick-meta":"","astra-migrate-meta-layouts":"set","ast-page-background-enabled":"default","ast-page-background-meta":{"desktop":{"background-color":"","background-image":"","background-repeat":"repeat","background-position":"center center","background-size":"auto","background-attachment":"scroll","background-type":"","background-media":"","overlay-type":"","overlay-color":"","overlay-opacity":"","overlay-gradient":""},"tablet":{"background-color":"","background-image":"","background-repeat":"repeat","background-position":"center center","background-size":"auto","background-attachment":"scroll","background-type":"","background-media":"","overlay-type":"","overlay-color":"","overlay-opacity":"","overlay-gradient":""},"mobile":{"background-color":"","background-image":"","background-repeat":"repeat","background-position":"center center","background-size":"auto","background-attachment":"scroll","background-type":"","background-media":"","overlay-type":"","overlay-color":"","overlay-opacity":"","overlay-gradient":""}},"ast-content-background-meta":{"desktop":{"background-color":"var(--ast-global-color-5)","background-image":"","background-repeat":"repeat","background-position":"center center","background-size":"auto","background-attachment":"scroll","background-type":"","background-media":"","overlay-type":"","overlay-color":"","overlay-opacity":"","overlay-gradient":""},"tablet":{"background-color":"var(--ast-global-color-5)","background-image":"","background-repeat":"repeat","background-position":"center center","background-size":"auto","background-attachment":"scroll","background-type":"","background-media":"","overlay-type":"","overlay-color":"","overlay-opacity":"","overlay-gradient":""},"mobile":{"background-color":"var(--ast-global-color-5)","background-image":"","background-repeat":"repeat","background-position":"center center","background-size":"auto","background-attachment":"scroll","background-type":"","background-media":"","overlay-type":"","overlay-color":"","overlay-opacity":"","overlay-gradient":""}}},"product_brand":[],"product_cat":[37],"product_tag":[103,84,105,43,51],"class_list":{"0":"post-26991","1":"product","2":"type-product","3":"status-publish","4":"has-post-thumbnail","6":"product_cat-industrial-vacuum-cleaner","7":"product_tag-china-dust-collector","8":"product_tag-dust-collection","9":"product_tag-dust-free","10":"product_tag-industrial-vacuum-cleaner","11":"product_tag-three-phase-industrial-vacuum-cleaner","12":"desktop-align-left","13":"tablet-align-left","14":"mobile-align-left","16":"first","17":"instock","18":"shipping-taxable","19":"product-type-simple"},"yoast_head":"<!-- This site is optimized with the Yoast SEO plugin v27.4 - https:\/\/yoast.com\/product\/yoast-seo-wordpress\/ -->\n<title>Single-phase bagged industrial vacuum cleaner - China industrial vacuum cleaner manufacturer<\/title>\n<meta name=\"description\" content=\"Dust extractor: standard with imported polyester fiber coated filter barrel, suitable for continuous work, dust particle size is small,Dust volume is large working conditions, especially for floor grinding, shot blasting and other working conditions.\" \/>\n<meta name=\"robots\" content=\"index, follow, max-snippet:-1, max-image-preview:large, max-video-preview:-1\" \/>\n<link rel=\"canonical\" href=\"https:\/\/industryvacuumcleaner.com\/pt\/product\/dust-extractor\/\" \/>\n<meta property=\"og:locale\" content=\"pt_PT\" \/>\n<meta property=\"og:type\" content=\"article\" \/>\n<meta property=\"og:title\" content=\"Single-phase bagged industrial vacuum cleaner - China industrial vacuum cleaner manufacturer\" \/>\n<meta property=\"og:description\" content=\"Dust extractor: standard with imported polyester fiber coated filter barrel, suitable for continuous work, dust particle size is small,Dust volume is large working conditions, especially for floor grinding, shot blasting and other working conditions.\" \/>\n<meta property=\"og:url\" content=\"https:\/\/industryvacuumcleaner.com\/pt\/product\/dust-extractor\/\" \/>\n<meta property=\"og:site_name\" content=\"China industrial vacuum cleaner manufacturer\" \/>\n<meta property=\"article:publisher\" content=\"https:\/\/www.facebook.com\/industryvacuumcleaner\" \/>\n<meta property=\"article:modified_time\" content=\"2026-03-05T07:38:08+00:00\" \/>\n<meta property=\"og:image\" content=\"https:\/\/industryvacuumcleaner.com\/wp-content\/uploads\/2023\/09\/dust-extractor-for-floor-grinding.jpg\" \/>\n\t<meta property=\"og:image:width\" content=\"800\" \/>\n\t<meta property=\"og:image:height\" content=\"800\" \/>\n\t<meta property=\"og:image:type\" content=\"image\/jpeg\" \/>\n<meta name=\"twitter:card\" content=\"summary_large_image\" \/>\n<meta name=\"twitter:label1\" content=\"Tempo estimado de leitura\" \/>\n\t<meta name=\"twitter:data1\" content=\"2 minutos\" \/>\n<script type=\"application\/ld+json\" class=\"yoast-schema-graph\">{\"@context\":\"https:\\\/\\\/schema.org\",\"@graph\":[{\"@type\":\"WebPage\",\"@id\":\"https:\\\/\\\/industryvacuumcleaner.com\\\/product\\\/dust-extractor\\\/\",\"url\":\"https:\\\/\\\/industryvacuumcleaner.com\\\/product\\\/dust-extractor\\\/\",\"name\":\"Single-phase bagged industrial vacuum cleaner - China industrial vacuum cleaner manufacturer\",\"isPartOf\":{\"@id\":\"https:\\\/\\\/industryvacuumcleaner.com\\\/#website\"},\"primaryImageOfPage\":{\"@id\":\"https:\\\/\\\/industryvacuumcleaner.com\\\/product\\\/dust-extractor\\\/#primaryimage\"},\"image\":{\"@id\":\"https:\\\/\\\/industryvacuumcleaner.com\\\/product\\\/dust-extractor\\\/#primaryimage\"},\"thumbnailUrl\":\"https:\\\/\\\/industryvacuumcleaner.com\\\/wp-content\\\/uploads\\\/2023\\\/09\\\/dust-extractor-for-floor-grinding.jpg\",\"datePublished\":\"2023-09-12T06:40:06+00:00\",\"dateModified\":\"2026-03-05T07:38:08+00:00\",\"description\":\"Dust extractor: standard with imported polyester fiber coated filter barrel, suitable for continuous work, dust particle size is small,Dust volume is large working conditions, especially for floor grinding, shot blasting and other working conditions.\",\"breadcrumb\":{\"@id\":\"https:\\\/\\\/industryvacuumcleaner.com\\\/product\\\/dust-extractor\\\/#breadcrumb\"},\"inLanguage\":\"pt-PT\",\"potentialAction\":[{\"@type\":\"ReadAction\",\"target\":[\"https:\\\/\\\/industryvacuumcleaner.com\\\/product\\\/dust-extractor\\\/\"]}]},{\"@type\":\"ImageObject\",\"inLanguage\":\"pt-PT\",\"@id\":\"https:\\\/\\\/industryvacuumcleaner.com\\\/product\\\/dust-extractor\\\/#primaryimage\",\"url\":\"https:\\\/\\\/industryvacuumcleaner.com\\\/wp-content\\\/uploads\\\/2023\\\/09\\\/dust-extractor-for-floor-grinding.jpg\",\"contentUrl\":\"https:\\\/\\\/industryvacuumcleaner.com\\\/wp-content\\\/uploads\\\/2023\\\/09\\\/dust-extractor-for-floor-grinding.jpg\",\"width\":800,\"height\":800,\"caption\":\"dust extractor for floor grinding\"},{\"@type\":\"BreadcrumbList\",\"@id\":\"https:\\\/\\\/industryvacuumcleaner.com\\\/product\\\/dust-extractor\\\/#breadcrumb\",\"itemListElement\":[{\"@type\":\"ListItem\",\"position\":1,\"name\":\"Home\",\"item\":\"https:\\\/\\\/industryvacuumcleaner.com\\\/\"},{\"@type\":\"ListItem\",\"position\":2,\"name\":\"Other Cleaners\",\"item\":\"https:\\\/\\\/industryvacuumcleaner.com\\\/other-cleaners\\\/\"},{\"@type\":\"ListItem\",\"position\":3,\"name\":\"Single-phase bagged industrial vacuum cleaner\"}]},{\"@type\":\"WebSite\",\"@id\":\"https:\\\/\\\/industryvacuumcleaner.com\\\/#website\",\"url\":\"https:\\\/\\\/industryvacuumcleaner.com\\\/\",\"name\":\"China industrial vacuum cleaner manufacturer\",\"description\":\"Industrial vacuum cleaner: Better prices. Better products.\",\"publisher\":{\"@id\":\"https:\\\/\\\/industryvacuumcleaner.com\\\/#organization\"},\"potentialAction\":[{\"@type\":\"SearchAction\",\"target\":{\"@type\":\"EntryPoint\",\"urlTemplate\":\"https:\\\/\\\/industryvacuumcleaner.com\\\/?s={search_term_string}\"},\"query-input\":{\"@type\":\"PropertyValueSpecification\",\"valueRequired\":true,\"valueName\":\"search_term_string\"}}],\"inLanguage\":\"pt-PT\"},{\"@type\":\"Organization\",\"@id\":\"https:\\\/\\\/industryvacuumcleaner.com\\\/#organization\",\"name\":\"China industrial vacuum cleaner manufacturer\",\"url\":\"https:\\\/\\\/industryvacuumcleaner.com\\\/\",\"logo\":{\"@type\":\"ImageObject\",\"inLanguage\":\"pt-PT\",\"@id\":\"https:\\\/\\\/industryvacuumcleaner.com\\\/#\\\/schema\\\/logo\\\/image\\\/\",\"url\":\"https:\\\/\\\/industryvacuumcleaner.com\\\/wp-content\\\/uploads\\\/2024\\\/02\\\/cropped-logo-no-background.png\",\"contentUrl\":\"https:\\\/\\\/industryvacuumcleaner.com\\\/wp-content\\\/uploads\\\/2024\\\/02\\\/cropped-logo-no-background.png\",\"width\":1362,\"height\":347,\"caption\":\"China industrial vacuum cleaner manufacturer\"},\"image\":{\"@id\":\"https:\\\/\\\/industryvacuumcleaner.com\\\/#\\\/schema\\\/logo\\\/image\\\/\"},\"sameAs\":[\"https:\\\/\\\/www.facebook.com\\\/industryvacuumcleaner\",\"https:\\\/\\\/www.linkedin.com\\\/company\\\/industry-vacuum-cleaner\\\/\",\"https:\\\/\\\/www.youtube.com\\\/@industryvacuumcleaner\\\/videos\",\"http:\\\/\\\/www.tiktok.com\\\/@juliezhaotrade\"]}]}<\/script>\n<!-- \/ Yoast SEO plugin. -->","yoast_head_json":{"title":"Single-phase bagged industrial vacuum cleaner - China industrial vacuum cleaner manufacturer","description":"Dust extractor: standard with imported polyester fiber coated filter barrel, suitable for continuous work, dust particle size is small,Dust volume is large working conditions, especially for floor grinding, shot blasting and other working conditions.","robots":{"index":"index","follow":"follow","max-snippet":"max-snippet:-1","max-image-preview":"max-image-preview:large","max-video-preview":"max-video-preview:-1"},"canonical":"https:\/\/industryvacuumcleaner.com\/pt\/product\/dust-extractor\/","og_locale":"pt_PT","og_type":"article","og_title":"Single-phase bagged industrial vacuum cleaner - China industrial vacuum cleaner manufacturer","og_description":"Dust extractor: standard with imported polyester fiber coated filter barrel, suitable for continuous work, dust particle size is small,Dust volume is large working conditions, especially for floor grinding, shot blasting and other working conditions.","og_url":"https:\/\/industryvacuumcleaner.com\/pt\/product\/dust-extractor\/","og_site_name":"China industrial vacuum cleaner manufacturer","article_publisher":"https:\/\/www.facebook.com\/industryvacuumcleaner","article_modified_time":"2026-03-05T07:38:08+00:00","og_image":[{"width":800,"height":800,"url":"https:\/\/industryvacuumcleaner.com\/wp-content\/uploads\/2023\/09\/dust-extractor-for-floor-grinding.jpg","type":"image\/jpeg"}],"twitter_card":"summary_large_image","twitter_misc":{"Tempo estimado de leitura":"2 minutos"},"schema":{"@context":"https:\/\/schema.org","@graph":[{"@type":"WebPage","@id":"https:\/\/industryvacuumcleaner.com\/product\/dust-extractor\/","url":"https:\/\/industryvacuumcleaner.com\/product\/dust-extractor\/","name":"Single-phase bagged industrial vacuum cleaner - China industrial vacuum cleaner manufacturer","isPartOf":{"@id":"https:\/\/industryvacuumcleaner.com\/#website"},"primaryImageOfPage":{"@id":"https:\/\/industryvacuumcleaner.com\/product\/dust-extractor\/#primaryimage"},"image":{"@id":"https:\/\/industryvacuumcleaner.com\/product\/dust-extractor\/#primaryimage"},"thumbnailUrl":"https:\/\/industryvacuumcleaner.com\/wp-content\/uploads\/2023\/09\/dust-extractor-for-floor-grinding.jpg","datePublished":"2023-09-12T06:40:06+00:00","dateModified":"2026-03-05T07:38:08+00:00","description":"Dust extractor: standard with imported polyester fiber coated filter barrel, suitable for continuous work, dust particle size is small,Dust volume is large working conditions, especially for floor grinding, shot blasting and other working conditions.","breadcrumb":{"@id":"https:\/\/industryvacuumcleaner.com\/product\/dust-extractor\/#breadcrumb"},"inLanguage":"pt-PT","potentialAction":[{"@type":"ReadAction","target":["https:\/\/industryvacuumcleaner.com\/product\/dust-extractor\/"]}]},{"@type":"ImageObject","inLanguage":"pt-PT","@id":"https:\/\/industryvacuumcleaner.com\/product\/dust-extractor\/#primaryimage","url":"https:\/\/industryvacuumcleaner.com\/wp-content\/uploads\/2023\/09\/dust-extractor-for-floor-grinding.jpg","contentUrl":"https:\/\/industryvacuumcleaner.com\/wp-content\/uploads\/2023\/09\/dust-extractor-for-floor-grinding.jpg","width":800,"height":800,"caption":"dust extractor for floor grinding"},{"@type":"BreadcrumbList","@id":"https:\/\/industryvacuumcleaner.com\/product\/dust-extractor\/#breadcrumb","itemListElement":[{"@type":"ListItem","position":1,"name":"Home","item":"https:\/\/industryvacuumcleaner.com\/"},{"@type":"ListItem","position":2,"name":"Other Cleaners","item":"https:\/\/industryvacuumcleaner.com\/other-cleaners\/"},{"@type":"ListItem","position":3,"name":"Single-phase bagged industrial vacuum cleaner"}]},{"@type":"WebSite","@id":"https:\/\/industryvacuumcleaner.com\/#website","url":"https:\/\/industryvacuumcleaner.com\/","name":"Fabricante de aspirador de p\u00f3 industrial na China","description":"Aspirador industrial: Melhores pre\u00e7os. Melhores produtos.","publisher":{"@id":"https:\/\/industryvacuumcleaner.com\/#organization"},"potentialAction":[{"@type":"SearchAction","target":{"@type":"EntryPoint","urlTemplate":"https:\/\/industryvacuumcleaner.com\/?s={search_term_string}"},"query-input":{"@type":"PropertyValueSpecification","valueRequired":true,"valueName":"search_term_string"}}],"inLanguage":"pt-PT"},{"@type":"Organization","@id":"https:\/\/industryvacuumcleaner.com\/#organization","name":"Fabricante de aspirador de p\u00f3 industrial na China","url":"https:\/\/industryvacuumcleaner.com\/","logo":{"@type":"ImageObject","inLanguage":"pt-PT","@id":"https:\/\/industryvacuumcleaner.com\/#\/schema\/logo\/image\/","url":"https:\/\/industryvacuumcleaner.com\/wp-content\/uploads\/2024\/02\/cropped-logo-no-background.png","contentUrl":"https:\/\/industryvacuumcleaner.com\/wp-content\/uploads\/2024\/02\/cropped-logo-no-background.png","width":1362,"height":347,"caption":"China industrial vacuum cleaner manufacturer"},"image":{"@id":"https:\/\/industryvacuumcleaner.com\/#\/schema\/logo\/image\/"},"sameAs":["https:\/\/www.facebook.com\/industryvacuumcleaner","https:\/\/www.linkedin.com\/company\/industry-vacuum-cleaner\/","https:\/\/www.youtube.com\/@industryvacuumcleaner\/videos","http:\/\/www.tiktok.com\/@juliezhaotrade"]}]}},"_links":{"self":[{"href":"https:\/\/industryvacuumcleaner.com\/pt\/wp-json\/wp\/v2\/product\/26991","targetHints":{"allow":["GET"]}}],"collection":[{"href":"https:\/\/industryvacuumcleaner.com\/pt\/wp-json\/wp\/v2\/product"}],"about":[{"href":"https:\/\/industryvacuumcleaner.com\/pt\/wp-json\/wp\/v2\/types\/product"}],"wp:featuredmedia":[{"embeddable":true,"href":"https:\/\/industryvacuumcleaner.com\/pt\/wp-json\/wp\/v2\/media\/29127"}],"wp:attachment":[{"href":"https:\/\/industryvacuumcleaner.com\/pt\/wp-json\/wp\/v2\/media?parent=26991"}],"wp:term":[{"taxonomy":"product_brand","embeddable":true,"href":"https:\/\/industryvacuumcleaner.com\/pt\/wp-json\/wp\/v2\/product_brand?post=26991"},{"taxonomy":"product_cat","embeddable":true,"href":"https:\/\/industryvacuumcleaner.com\/pt\/wp-json\/wp\/v2\/product_cat?post=26991"},{"taxonomy":"product_tag","embeddable":true,"href":"https:\/\/industryvacuumcleaner.com\/pt\/wp-json\/wp\/v2\/product_tag?post=26991"}],"curies":[{"name":"wp","href":"https:\/\/api.w.org\/{rel}","templated":true}]}}