{"id":26191,"date":"2023-07-10T03:17:13","date_gmt":"2023-07-10T03:17:13","guid":{"rendered":"http:\/\/industryvacuumcleaner.com\/?page_id=26191"},"modified":"2024-07-02T09:48:52","modified_gmt":"2024-07-02T09:48:52","slug":"bespoke-dust-collector","status":"publish","type":"page","link":"https:\/\/industryvacuumcleaner.com\/pt\/bespoke-dust-collector\/","title":{"rendered":"Coletor de p\u00f3 \u00e0 medida"},"content":{"rendered":"<div data-elementor-type=\"wp-page\" data-elementor-id=\"26191\" class=\"elementor elementor-26191\" data-elementor-post-type=\"page\">\n\t\t\t\t\t\t<section class=\"elementor-section elementor-top-section elementor-element elementor-element-347b442 elementor-section-full_width elementor-section-height-min-height elementor-section-height-default elementor-section-items-middle\" data-id=\"347b442\" data-element_type=\"section\" data-e-type=\"section\" data-settings=\"{&quot;background_background&quot;:&quot;classic&quot;}\">\n\t\t\t\t\t\t\t<div class=\"elementor-background-overlay\"><\/div>\n\t\t\t\t\t\t\t<div class=\"elementor-container elementor-column-gap-default\">\n\t\t\t\t\t<div class=\"elementor-column elementor-col-100 elementor-top-column elementor-element elementor-element-f198bdb\" data-id=\"f198bdb\" data-element_type=\"column\" data-e-type=\"column\">\n\t\t\t<div class=\"elementor-widget-wrap elementor-element-populated\">\n\t\t\t\t\t\t<div class=\"elementor-element elementor-element-ccb27eb elementor-widget elementor-widget-spacer\" data-id=\"ccb27eb\" data-element_type=\"widget\" data-e-type=\"widget\" data-widget_type=\"spacer.default\">\n\t\t\t\t<div class=\"elementor-widget-container\">\n\t\t\t\t\t\t\t<div class=\"elementor-spacer\">\n\t\t\t<div class=\"elementor-spacer-inner\"><\/div>\n\t\t<\/div>\n\t\t\t\t\t\t<\/div>\n\t\t\t\t<\/div>\n\t\t\t\t<div class=\"elementor-element elementor-element-77fdaf2 elementor-widget elementor-widget-heading\" data-id=\"77fdaf2\" data-element_type=\"widget\" data-e-type=\"widget\" data-widget_type=\"heading.default\">\n\t\t\t\t<div class=\"elementor-widget-container\">\n\t\t\t\t\t<h1 class=\"elementor-heading-title elementor-size-default\">Coletor de p\u00f3 \u00e0 medida<\/h1>\t\t\t\t<\/div>\n\t\t\t\t<\/div>\n\t\t\t\t<div class=\"elementor-element elementor-element-763f595 elementor-widget elementor-widget-text-editor\" data-id=\"763f595\" data-element_type=\"widget\" data-e-type=\"widget\" data-widget_type=\"text-editor.default\">\n\t\t\t\t<div class=\"elementor-widget-container\">\n\t\t\t\t\t\t\t\t\t<p>Obter um bom pre\u00e7o n\u00e3o significa sacrificar a qualidade. N\u00f3s superamos outros fabricantes de aspiradores industriais, oferecendo materiais de alta qualidade a pre\u00e7os acess\u00edveis, o que reduz o custo global de produ\u00e7\u00e3o.<\/p>\t\t\t\t\t\t\t\t<\/div>\n\t\t\t\t<\/div>\n\t\t\t\t<div class=\"elementor-element elementor-element-b285d4c elementor-widget elementor-widget-spacer\" data-id=\"b285d4c\" data-element_type=\"widget\" data-e-type=\"widget\" data-widget_type=\"spacer.default\">\n\t\t\t\t<div class=\"elementor-widget-container\">\n\t\t\t\t\t\t\t<div class=\"elementor-spacer\">\n\t\t\t<div class=\"elementor-spacer-inner\"><\/div>\n\t\t<\/div>\n\t\t\t\t\t\t<\/div>\n\t\t\t\t<\/div>\n\t\t\t\t\t<\/div>\n\t\t<\/div>\n\t\t\t\t\t<\/div>\n\t\t<\/section>\n\t\t\t\t<section class=\"elementor-section elementor-top-section elementor-element elementor-element-3ed6e26 elementor-section-boxed elementor-section-height-default elementor-section-height-default\" data-id=\"3ed6e26\" data-element_type=\"section\" data-e-type=\"section\" data-settings=\"{&quot;background_background&quot;:&quot;classic&quot;}\">\n\t\t\t\t\t\t<div class=\"elementor-container elementor-column-gap-default\">\n\t\t\t\t\t<div class=\"elementor-column elementor-col-100 elementor-top-column elementor-element elementor-element-b3cd408\" data-id=\"b3cd408\" data-element_type=\"column\" data-e-type=\"column\">\n\t\t\t<div class=\"elementor-widget-wrap elementor-element-populated\">\n\t\t\t\t\t\t<div class=\"elementor-element elementor-element-c813a3f elementor-grid-3 elementor-product-loop-item--align-center elementor-grid-tablet-3 elementor-grid-mobile-2 elementor-products-grid elementor-wc-products elementor-show-pagination-border-yes elementor-widget elementor-widget-woocommerce-products\" data-id=\"c813a3f\" data-element_type=\"widget\" data-e-type=\"widget\" data-settings=\"{&quot;_animation&quot;:&quot;none&quot;}\" data-widget_type=\"woocommerce-products.default\">\n\t\t\t\t<div class=\"elementor-widget-container\">\n\t\t\t\t\t<div class=\"woocommerce columns-3\"><div class=\"woocommerce-notices-wrapper\"><\/div><ul class=\"products elementor-grid columns-3\">\n<li class=\"desktop-align-left tablet-align-left mobile-align-left product type-product post-27423 status-publish first instock product_cat-bespoke-dust-collector product_tag-china-dust-collector product_tag-clean-room-vacuum-cleaner product_tag-cleanroom-vacuum-systems product_tag-dust-collection product_tag-dust-free product_tag-industrial-heavy-duty-silent-vacuum-cleaner product_tag-industrial-vacuum-cleaner product_tag-three-phase-industrial-vacuum-cleaner has-post-thumbnail shipping-taxable product-type-simple\">\n\t<a href=\"https:\/\/industryvacuumcleaner.com\/pt\/product\/industrial-heavy-duty-silent-vacuum-cleaner\/\" class=\"woocommerce-LoopProduct-link woocommerce-loop-product__link\"><img fetchpriority=\"high\" decoding=\"async\" width=\"300\" height=\"300\" src=\"https:\/\/industryvacuumcleaner.com\/wp-content\/uploads\/2023\/09\/Industrial-Vacuum-for-Automotive-1-300x300.jpg\" class=\"attachment-woocommerce_thumbnail size-woocommerce_thumbnail\" alt=\"V\u00e1cuo industrial para autom\u00f3veis\" srcset=\"https:\/\/industryvacuumcleaner.com\/wp-content\/uploads\/2023\/09\/Industrial-Vacuum-for-Automotive-1-300x300.jpg 300w, https:\/\/industryvacuumcleaner.com\/wp-content\/uploads\/2023\/09\/Industrial-Vacuum-for-Automotive-1-150x150.jpg 150w, https:\/\/industryvacuumcleaner.com\/wp-content\/uploads\/2023\/09\/Industrial-Vacuum-for-Automotive-1-100x100.jpg 100w\" sizes=\"(max-width: 300px) 100vw, 300px\" \/><h2 class=\"woocommerce-loop-product__title\">Aspirador silencioso industrial para trabalhos pesados<\/h2>\n<\/a><div class=\"woocommerce-loop-product__buttons\"><a href=\"https:\/\/industryvacuumcleaner.com\/pt\/product\/industrial-heavy-duty-silent-vacuum-cleaner\/\" aria-describedby=\"woocommerce_loop_add_to_cart_link_describedby_27423\" data-quantity=\"1\" class=\"button product_type_simple\" data-product_id=\"27423\" data-product_sku=\"\" aria-label=\"Leia mais sobre \u201cIndustrial heavy duty Silent vacuum cleaner\u201d\" rel=\"nofollow\" data-success_message=\"\" data-no-translation=\"\" data-trp-gettext=\"\" data-no-translation-aria-label=\"\">Ler mais<\/a><\/div>\t<span id=\"woocommerce_loop_add_to_cart_link_describedby_27423\" class=\"screen-reader-text\">\n\t\t\t<\/span>\n<\/li>\n<li class=\"desktop-align-left tablet-align-left mobile-align-left product type-product post-25748 status-publish instock product_cat-bespoke-dust-collector product_tag-bespoke-industrial-vacuum-cleaner product_tag-industrial-vacuum-cleaner has-post-thumbnail shipping-taxable product-type-simple\">\n\t<a href=\"https:\/\/industryvacuumcleaner.com\/pt\/product\/bespoke-industrial-vacuum-cleaner\/\" class=\"woocommerce-LoopProduct-link woocommerce-loop-product__link\"><img decoding=\"async\" width=\"300\" height=\"300\" src=\"https:\/\/industryvacuumcleaner.com\/wp-content\/uploads\/2023\/06\/bespoke-cyclone-industrial-dust-collector-1-300x300.jpg\" class=\"attachment-woocommerce_thumbnail size-woocommerce_thumbnail\" alt=\"ciclone-coletor de p\u00f3 industrial \u00e0 medida\" srcset=\"https:\/\/industryvacuumcleaner.com\/wp-content\/uploads\/2023\/06\/bespoke-cyclone-industrial-dust-collector-1-300x300.jpg 300w, https:\/\/industryvacuumcleaner.com\/wp-content\/uploads\/2023\/06\/bespoke-cyclone-industrial-dust-collector-1-1024x1024.jpg 1024w, https:\/\/industryvacuumcleaner.com\/wp-content\/uploads\/2023\/06\/bespoke-cyclone-industrial-dust-collector-1-150x150.jpg 150w, https:\/\/industryvacuumcleaner.com\/wp-content\/uploads\/2023\/06\/bespoke-cyclone-industrial-dust-collector-1-768x768.jpg 768w, https:\/\/industryvacuumcleaner.com\/wp-content\/uploads\/2023\/06\/bespoke-cyclone-industrial-dust-collector-1-600x600.jpg 600w, https:\/\/industryvacuumcleaner.com\/wp-content\/uploads\/2023\/06\/bespoke-cyclone-industrial-dust-collector-1-100x100.jpg 100w, https:\/\/industryvacuumcleaner.com\/wp-content\/uploads\/2023\/06\/bespoke-cyclone-industrial-dust-collector-1.jpg 1280w\" sizes=\"(max-width: 300px) 100vw, 300px\" \/><h2 class=\"woocommerce-loop-product__title\">Aspirador de p\u00f3 industrial sob medida<\/h2>\n<\/a><div class=\"woocommerce-loop-product__buttons\"><a href=\"https:\/\/industryvacuumcleaner.com\/pt\/product\/bespoke-industrial-vacuum-cleaner\/\" aria-describedby=\"woocommerce_loop_add_to_cart_link_describedby_25748\" data-quantity=\"1\" class=\"button product_type_simple\" data-product_id=\"25748\" data-product_sku=\"\" aria-label=\"Leia mais sobre \u201cBespoke Industrial Vacuum Cleaner\u201d\" rel=\"nofollow\" data-success_message=\"\" data-no-translation=\"\" data-trp-gettext=\"\" data-no-translation-aria-label=\"\">Ler mais<\/a><\/div>\t<span id=\"woocommerce_loop_add_to_cart_link_describedby_25748\" class=\"screen-reader-text\">\n\t\t\t<\/span>\n<\/li>\n<\/ul>\n<\/div>\t\t\t\t<\/div>\n\t\t\t\t<\/div>\n\t\t\t\t\t<\/div>\n\t\t<\/div>\n\t\t\t\t\t<\/div>\n\t\t<\/section>\n\t\t\t\t<\/div>","protected":false},"excerpt":{"rendered":"<p>Coletor de p\u00f3 sob medida Obter um bom pre\u00e7o n\u00e3o significa sacrificar a qualidade. N\u00f3s superamos outros fabricantes de aspiradores industriais, oferecendo materiais de alta qualidade a pre\u00e7os acess\u00edveis, o que reduz o custo total de produ\u00e7\u00e3o.<\/p>","protected":false},"author":1,"featured_media":0,"parent":0,"menu_order":0,"comment_status":"closed","ping_status":"closed","template":"","meta":{"nf_dc_page":"","site-sidebar-layout":"no-sidebar","site-content-layout":"page-builder","ast-site-content-layout":"default","site-content-style":"default","site-sidebar-style":"default","ast-global-header-display":"","ast-banner-title-visibility":"","ast-main-header-display":"","ast-hfb-above-header-display":"","ast-hfb-below-header-display":"","ast-hfb-mobile-header-display":"","site-post-title":"disabled","ast-breadcrumbs-content":"","ast-featured-img":"disabled","footer-sml-layout":"","ast-disable-related-posts":"","theme-transparent-header-meta":"","adv-header-id-meta":"","stick-header-meta":"","header-above-stick-meta":"","header-main-stick-meta":"","header-below-stick-meta":"","astra-migrate-meta-layouts":"default","ast-page-background-enabled":"default","ast-page-background-meta":{"desktop":{"background-color":"","background-image":"","background-repeat":"repeat","background-position":"center center","background-size":"auto","background-attachment":"scroll","background-type":"","background-media":"","overlay-type":"","overlay-color":"","overlay-opacity":"","overlay-gradient":""},"tablet":{"background-color":"","background-image":"","background-repeat":"repeat","background-position":"center center","background-size":"auto","background-attachment":"scroll","background-type":"","background-media":"","overlay-type":"","overlay-color":"","overlay-opacity":"","overlay-gradient":""},"mobile":{"background-color":"","background-image":"","background-repeat":"repeat","background-position":"center center","background-size":"auto","background-attachment":"scroll","background-type":"","background-media":"","overlay-type":"","overlay-color":"","overlay-opacity":"","overlay-gradient":""}},"ast-content-background-meta":{"desktop":{"background-color":"var(--ast-global-color-5)","background-image":"","background-repeat":"repeat","background-position":"center center","background-size":"auto","background-attachment":"scroll","background-type":"","background-media":"","overlay-type":"","overlay-color":"","overlay-opacity":"","overlay-gradient":""},"tablet":{"background-color":"var(--ast-global-color-5)","background-image":"","background-repeat":"repeat","background-position":"center center","background-size":"auto","background-attachment":"scroll","background-type":"","background-media":"","overlay-type":"","overlay-color":"","overlay-opacity":"","overlay-gradient":""},"mobile":{"background-color":"var(--ast-global-color-5)","background-image":"","background-repeat":"repeat","background-position":"center center","background-size":"auto","background-attachment":"scroll","background-type":"","background-media":"","overlay-type":"","overlay-color":"","overlay-opacity":"","overlay-gradient":""}},"footnotes":""},"class_list":["post-26191","page","type-page","status-publish","hentry"],"yoast_head":"<!-- This site is optimized with the Yoast SEO plugin v27.4 - https:\/\/yoast.com\/product\/yoast-seo-wordpress\/ -->\n<title>Bespoke Dust Collector - China industrial vacuum cleaner manufacturer<\/title>\n<meta name=\"robots\" content=\"index, follow, max-snippet:-1, max-image-preview:large, max-video-preview:-1\" \/>\n<link rel=\"canonical\" href=\"https:\/\/industryvacuumcleaner.com\/pt\/bespoke-dust-collector\/\" \/>\n<meta property=\"og:locale\" content=\"pt_PT\" \/>\n<meta property=\"og:type\" content=\"article\" \/>\n<meta property=\"og:title\" content=\"Bespoke Dust Collector - China industrial vacuum cleaner manufacturer\" \/>\n<meta property=\"og:description\" content=\"Bespoke Dust Collector Getting a good price does not mean sacrificing quality. we outshine other industrial vacuum cleaners manufacturers by offering high-grade materials at affordable prices, which reduces the overall production cost.\" \/>\n<meta property=\"og:url\" content=\"https:\/\/industryvacuumcleaner.com\/pt\/bespoke-dust-collector\/\" \/>\n<meta property=\"og:site_name\" content=\"China industrial vacuum cleaner manufacturer\" \/>\n<meta property=\"article:publisher\" content=\"https:\/\/www.facebook.com\/industryvacuumcleaner\" \/>\n<meta property=\"article:modified_time\" content=\"2024-07-02T09:48:52+00:00\" \/>\n<meta name=\"twitter:card\" content=\"summary_large_image\" \/>\n<meta name=\"twitter:label1\" content=\"Tempo estimado de leitura\" \/>\n\t<meta name=\"twitter:data1\" content=\"1 minuto\" \/>\n<script type=\"application\/ld+json\" class=\"yoast-schema-graph\">{\"@context\":\"https:\\\/\\\/schema.org\",\"@graph\":[{\"@type\":\"WebPage\",\"@id\":\"https:\\\/\\\/industryvacuumcleaner.com\\\/bespoke-dust-collector\\\/\",\"url\":\"https:\\\/\\\/industryvacuumcleaner.com\\\/bespoke-dust-collector\\\/\",\"name\":\"Bespoke Dust Collector - China industrial vacuum cleaner manufacturer\",\"isPartOf\":{\"@id\":\"https:\\\/\\\/industryvacuumcleaner.com\\\/#website\"},\"datePublished\":\"2023-07-10T03:17:13+00:00\",\"dateModified\":\"2024-07-02T09:48:52+00:00\",\"breadcrumb\":{\"@id\":\"https:\\\/\\\/industryvacuumcleaner.com\\\/bespoke-dust-collector\\\/#breadcrumb\"},\"inLanguage\":\"pt-PT\",\"potentialAction\":[{\"@type\":\"ReadAction\",\"target\":[\"https:\\\/\\\/industryvacuumcleaner.com\\\/bespoke-dust-collector\\\/\"]}]},{\"@type\":\"BreadcrumbList\",\"@id\":\"https:\\\/\\\/industryvacuumcleaner.com\\\/bespoke-dust-collector\\\/#breadcrumb\",\"itemListElement\":[{\"@type\":\"ListItem\",\"position\":1,\"name\":\"Home\",\"item\":\"https:\\\/\\\/industryvacuumcleaner.com\\\/\"},{\"@type\":\"ListItem\",\"position\":2,\"name\":\"Bespoke Dust Collector\"}]},{\"@type\":\"WebSite\",\"@id\":\"https:\\\/\\\/industryvacuumcleaner.com\\\/#website\",\"url\":\"https:\\\/\\\/industryvacuumcleaner.com\\\/\",\"name\":\"China industrial vacuum cleaner manufacturer\",\"description\":\"Industrial vacuum cleaner: Better prices. Better products.\",\"publisher\":{\"@id\":\"https:\\\/\\\/industryvacuumcleaner.com\\\/#organization\"},\"potentialAction\":[{\"@type\":\"SearchAction\",\"target\":{\"@type\":\"EntryPoint\",\"urlTemplate\":\"https:\\\/\\\/industryvacuumcleaner.com\\\/?s={search_term_string}\"},\"query-input\":{\"@type\":\"PropertyValueSpecification\",\"valueRequired\":true,\"valueName\":\"search_term_string\"}}],\"inLanguage\":\"pt-PT\"},{\"@type\":\"Organization\",\"@id\":\"https:\\\/\\\/industryvacuumcleaner.com\\\/#organization\",\"name\":\"China industrial vacuum cleaner manufacturer\",\"url\":\"https:\\\/\\\/industryvacuumcleaner.com\\\/\",\"logo\":{\"@type\":\"ImageObject\",\"inLanguage\":\"pt-PT\",\"@id\":\"https:\\\/\\\/industryvacuumcleaner.com\\\/#\\\/schema\\\/logo\\\/image\\\/\",\"url\":\"https:\\\/\\\/industryvacuumcleaner.com\\\/wp-content\\\/uploads\\\/2024\\\/02\\\/cropped-logo-no-background.png\",\"contentUrl\":\"https:\\\/\\\/industryvacuumcleaner.com\\\/wp-content\\\/uploads\\\/2024\\\/02\\\/cropped-logo-no-background.png\",\"width\":1362,\"height\":347,\"caption\":\"China industrial vacuum cleaner manufacturer\"},\"image\":{\"@id\":\"https:\\\/\\\/industryvacuumcleaner.com\\\/#\\\/schema\\\/logo\\\/image\\\/\"},\"sameAs\":[\"https:\\\/\\\/www.facebook.com\\\/industryvacuumcleaner\",\"https:\\\/\\\/www.linkedin.com\\\/company\\\/industry-vacuum-cleaner\\\/\",\"https:\\\/\\\/www.youtube.com\\\/@industryvacuumcleaner\\\/videos\",\"http:\\\/\\\/www.tiktok.com\\\/@juliezhaotrade\"]}]}<\/script>\n<!-- \/ Yoast SEO plugin. -->","yoast_head_json":{"title":"Coletor de p\u00f3 personalizado - Fabricante de aspirador de p\u00f3 industrial na China","robots":{"index":"index","follow":"follow","max-snippet":"max-snippet:-1","max-image-preview":"max-image-preview:large","max-video-preview":"max-video-preview:-1"},"canonical":"https:\/\/industryvacuumcleaner.com\/pt\/bespoke-dust-collector\/","og_locale":"pt_PT","og_type":"article","og_title":"Bespoke Dust Collector - China industrial vacuum cleaner manufacturer","og_description":"Bespoke Dust Collector Getting a good price does not mean sacrificing quality. we outshine other industrial vacuum cleaners manufacturers by offering high-grade materials at affordable prices, which reduces the overall production cost.","og_url":"https:\/\/industryvacuumcleaner.com\/pt\/bespoke-dust-collector\/","og_site_name":"China industrial vacuum cleaner manufacturer","article_publisher":"https:\/\/www.facebook.com\/industryvacuumcleaner","article_modified_time":"2024-07-02T09:48:52+00:00","twitter_card":"summary_large_image","twitter_misc":{"Tempo estimado de leitura":"1 minuto"},"schema":{"@context":"https:\/\/schema.org","@graph":[{"@type":"WebPage","@id":"https:\/\/industryvacuumcleaner.com\/bespoke-dust-collector\/","url":"https:\/\/industryvacuumcleaner.com\/bespoke-dust-collector\/","name":"Coletor de p\u00f3 personalizado - Fabricante de aspirador de p\u00f3 industrial na China","isPartOf":{"@id":"https:\/\/industryvacuumcleaner.com\/#website"},"datePublished":"2023-07-10T03:17:13+00:00","dateModified":"2024-07-02T09:48:52+00:00","breadcrumb":{"@id":"https:\/\/industryvacuumcleaner.com\/bespoke-dust-collector\/#breadcrumb"},"inLanguage":"pt-PT","potentialAction":[{"@type":"ReadAction","target":["https:\/\/industryvacuumcleaner.com\/bespoke-dust-collector\/"]}]},{"@type":"BreadcrumbList","@id":"https:\/\/industryvacuumcleaner.com\/bespoke-dust-collector\/#breadcrumb","itemListElement":[{"@type":"ListItem","position":1,"name":"Home","item":"https:\/\/industryvacuumcleaner.com\/"},{"@type":"ListItem","position":2,"name":"Bespoke Dust Collector"}]},{"@type":"WebSite","@id":"https:\/\/industryvacuumcleaner.com\/#website","url":"https:\/\/industryvacuumcleaner.com\/","name":"Fabricante de aspirador de p\u00f3 industrial na China","description":"Aspirador industrial: Melhores pre\u00e7os. Melhores produtos.","publisher":{"@id":"https:\/\/industryvacuumcleaner.com\/#organization"},"potentialAction":[{"@type":"SearchAction","target":{"@type":"EntryPoint","urlTemplate":"https:\/\/industryvacuumcleaner.com\/?s={search_term_string}"},"query-input":{"@type":"PropertyValueSpecification","valueRequired":true,"valueName":"search_term_string"}}],"inLanguage":"pt-PT"},{"@type":"Organization","@id":"https:\/\/industryvacuumcleaner.com\/#organization","name":"Fabricante de aspirador de p\u00f3 industrial na China","url":"https:\/\/industryvacuumcleaner.com\/","logo":{"@type":"ImageObject","inLanguage":"pt-PT","@id":"https:\/\/industryvacuumcleaner.com\/#\/schema\/logo\/image\/","url":"https:\/\/industryvacuumcleaner.com\/wp-content\/uploads\/2024\/02\/cropped-logo-no-background.png","contentUrl":"https:\/\/industryvacuumcleaner.com\/wp-content\/uploads\/2024\/02\/cropped-logo-no-background.png","width":1362,"height":347,"caption":"China industrial vacuum cleaner manufacturer"},"image":{"@id":"https:\/\/industryvacuumcleaner.com\/#\/schema\/logo\/image\/"},"sameAs":["https:\/\/www.facebook.com\/industryvacuumcleaner","https:\/\/www.linkedin.com\/company\/industry-vacuum-cleaner\/","https:\/\/www.youtube.com\/@industryvacuumcleaner\/videos","http:\/\/www.tiktok.com\/@juliezhaotrade"]}]}},"_links":{"self":[{"href":"https:\/\/industryvacuumcleaner.com\/pt\/wp-json\/wp\/v2\/pages\/26191","targetHints":{"allow":["GET"]}}],"collection":[{"href":"https:\/\/industryvacuumcleaner.com\/pt\/wp-json\/wp\/v2\/pages"}],"about":[{"href":"https:\/\/industryvacuumcleaner.com\/pt\/wp-json\/wp\/v2\/types\/page"}],"author":[{"embeddable":true,"href":"https:\/\/industryvacuumcleaner.com\/pt\/wp-json\/wp\/v2\/users\/1"}],"replies":[{"embeddable":true,"href":"https:\/\/industryvacuumcleaner.com\/pt\/wp-json\/wp\/v2\/comments?post=26191"}],"version-history":[{"count":5,"href":"https:\/\/industryvacuumcleaner.com\/pt\/wp-json\/wp\/v2\/pages\/26191\/revisions"}],"predecessor-version":[{"id":28462,"href":"https:\/\/industryvacuumcleaner.com\/pt\/wp-json\/wp\/v2\/pages\/26191\/revisions\/28462"}],"wp:attachment":[{"href":"https:\/\/industryvacuumcleaner.com\/pt\/wp-json\/wp\/v2\/media?parent=26191"}],"curies":[{"name":"wp","href":"https:\/\/api.w.org\/{rel}","templated":true}]}}