{"id":27644,"date":"2023-12-10T06:21:56","date_gmt":"2023-12-10T06:21:56","guid":{"rendered":"https:\/\/industryvacuumcleaner.com\/?post_type=product&#038;p=27644"},"modified":"2024-04-11T09:20:23","modified_gmt":"2024-04-11T09:20:23","slug":"air-powered-vacuum-cleaner","status":"publish","type":"product","link":"https:\/\/industryvacuumcleaner.com\/es\/product\/air-powered-vacuum-cleaner\/","title":{"rendered":"Aspirador de aire"},"content":{"rendered":"<p><img fetchpriority=\"high\" decoding=\"async\" class=\"alignnone wp-image-27649 size-full\" src=\"https:\/\/industryvacuumcleaner.com\/wp-content\/uploads\/2023\/12\/VACUUM-CLEANER-AND-DUST-COLLECTOR.png\" alt=\"\" width=\"1326\" height=\"750\" srcset=\"https:\/\/industryvacuumcleaner.com\/wp-content\/uploads\/2023\/12\/VACUUM-CLEANER-AND-DUST-COLLECTOR.png 1326w, https:\/\/industryvacuumcleaner.com\/wp-content\/uploads\/2023\/12\/VACUUM-CLEANER-AND-DUST-COLLECTOR-300x170.png 300w, https:\/\/industryvacuumcleaner.com\/wp-content\/uploads\/2023\/12\/VACUUM-CLEANER-AND-DUST-COLLECTOR-1024x579.png 1024w, https:\/\/industryvacuumcleaner.com\/wp-content\/uploads\/2023\/12\/VACUUM-CLEANER-AND-DUST-COLLECTOR-768x434.png 768w, https:\/\/industryvacuumcleaner.com\/wp-content\/uploads\/2023\/12\/VACUUM-CLEANER-AND-DUST-COLLECTOR-600x339.png 600w\" sizes=\"(max-width: 1326px) 100vw, 1326px\" \/><\/p>\n<p><b>Descripci\u00f3n del producto: <\/b><\/p>\n<p>1.Generador de vac\u00edo: conectado a la fuente de gas, a trav\u00e9s del generador de vac\u00edo para producir presi\u00f3n negativa en el barril para lograr las condiciones de aspiraci\u00f3n, aspiraci\u00f3n de polvo y agua, h\u00famedo y seco, sin piezas de funcionamiento, puede seguir trabajando, el equipo no necesita demasiado mantenimiento.<\/p>\n<p>2.Filtro: Elemento filtrante hecho de fibra de poli\u00e9ster, \u00e1rea de filtrado de 44000cm2, se puede lavar repetidamente utilizado, con un compartimiento de polvo de filtro no tejido, capa por capa, filtrando el polvo fino para liberar aire limpio.<\/p>\n<p>3.Material del producto: cuerpo del barril de acero inoxidable resistente y adaptable a diferentes condiciones de trabajo.<\/p>\n<p>4.Supporting el uso de: se puede vincular con otros equipos a utilizar, para trabajar mientras se aspira, mejorar la calidad del producto.<\/p>\n<p><img decoding=\"async\" class=\"alignnone wp-image-27646 size-full\" style=\"font-weight: inherit;\" src=\"https:\/\/industryvacuumcleaner.com\/wp-content\/uploads\/2023\/12\/air-industrial-vacuum-cleaner.jpg\" alt=\"\" width=\"832\" height=\"368\" srcset=\"https:\/\/industryvacuumcleaner.com\/wp-content\/uploads\/2023\/12\/air-industrial-vacuum-cleaner.jpg 832w, https:\/\/industryvacuumcleaner.com\/wp-content\/uploads\/2023\/12\/air-industrial-vacuum-cleaner-300x133.jpg 300w, https:\/\/industryvacuumcleaner.com\/wp-content\/uploads\/2023\/12\/air-industrial-vacuum-cleaner-768x340.jpg 768w, https:\/\/industryvacuumcleaner.com\/wp-content\/uploads\/2023\/12\/air-industrial-vacuum-cleaner-600x265.jpg 600w\" sizes=\"(max-width: 832px) 100vw, 832px\" \/><\/p>\n<p><img decoding=\"async\" class=\"alignnone wp-image-27650 size-full\" src=\"https:\/\/industryvacuumcleaner.com\/wp-content\/uploads\/2023\/12\/HEPA-DUST-EXTRACTOR.jpg\" alt=\"\" width=\"750\" height=\"387\" srcset=\"https:\/\/industryvacuumcleaner.com\/wp-content\/uploads\/2023\/12\/HEPA-DUST-EXTRACTOR.jpg 750w, https:\/\/industryvacuumcleaner.com\/wp-content\/uploads\/2023\/12\/HEPA-DUST-EXTRACTOR-300x155.jpg 300w, https:\/\/industryvacuumcleaner.com\/wp-content\/uploads\/2023\/12\/HEPA-DUST-EXTRACTOR-600x310.jpg 600w\" sizes=\"(max-width: 750px) 100vw, 750px\" \/><img loading=\"lazy\" decoding=\"async\" class=\"alignnone wp-image-27647 size-full\" src=\"https:\/\/industryvacuumcleaner.com\/wp-content\/uploads\/2023\/12\/air-industrial-vacuum-systems.png\" alt=\"\" width=\"1259\" height=\"654\" srcset=\"https:\/\/industryvacuumcleaner.com\/wp-content\/uploads\/2023\/12\/air-industrial-vacuum-systems.png 1259w, https:\/\/industryvacuumcleaner.com\/wp-content\/uploads\/2023\/12\/air-industrial-vacuum-systems-300x156.png 300w, https:\/\/industryvacuumcleaner.com\/wp-content\/uploads\/2023\/12\/air-industrial-vacuum-systems-1024x532.png 1024w, https:\/\/industryvacuumcleaner.com\/wp-content\/uploads\/2023\/12\/air-industrial-vacuum-systems-768x399.png 768w, https:\/\/industryvacuumcleaner.com\/wp-content\/uploads\/2023\/12\/air-industrial-vacuum-systems-600x312.png 600w\" sizes=\"(max-width: 1259px) 100vw, 1259px\" \/><\/p>\n<p>&nbsp;<\/p>","protected":false},"excerpt":{"rendered":"<p>Generador de vac\u00edo: conectado a la fuente de gas, a trav\u00e9s del generador de vac\u00edo para producir presi\u00f3n negativa en el barril para lograr las condiciones de aspiraci\u00f3n, aspiraci\u00f3n de polvo y agua, h\u00famedo y seco, sin piezas de funcionamiento, puede seguir trabajando, el equipo no necesita demasiado mantenimiento.<\/p>","protected":false},"featured_media":27804,"template":"","meta":{"nf_dc_page":"","site-sidebar-layout":"default","site-content-layout":"default","ast-site-content-layout":"default","site-content-style":"default","site-sidebar-style":"default","ast-global-header-display":"","ast-banner-title-visibility":"","ast-main-header-display":"","ast-hfb-above-header-display":"","ast-hfb-below-header-display":"","ast-hfb-mobile-header-display":"","site-post-title":"","ast-breadcrumbs-content":"","ast-featured-img":"","footer-sml-layout":"","ast-disable-related-posts":"","theme-transparent-header-meta":"default","adv-header-id-meta":"","stick-header-meta":"","header-above-stick-meta":"","header-main-stick-meta":"","header-below-stick-meta":"","astra-migrate-meta-layouts":"set","ast-page-background-enabled":"default","ast-page-background-meta":{"desktop":{"background-color":"","background-image":"","background-repeat":"repeat","background-position":"center center","background-size":"auto","background-attachment":"scroll","background-type":"","background-media":"","overlay-type":"","overlay-color":"","overlay-opacity":"","overlay-gradient":""},"tablet":{"background-color":"","background-image":"","background-repeat":"repeat","background-position":"center center","background-size":"auto","background-attachment":"scroll","background-type":"","background-media":"","overlay-type":"","overlay-color":"","overlay-opacity":"","overlay-gradient":""},"mobile":{"background-color":"","background-image":"","background-repeat":"repeat","background-position":"center center","background-size":"auto","background-attachment":"scroll","background-type":"","background-media":"","overlay-type":"","overlay-color":"","overlay-opacity":"","overlay-gradient":""}},"ast-content-background-meta":{"desktop":{"background-color":"var(--ast-global-color-5)","background-image":"","background-repeat":"repeat","background-position":"center center","background-size":"auto","background-attachment":"scroll","background-type":"","background-media":"","overlay-type":"","overlay-color":"","overlay-opacity":"","overlay-gradient":""},"tablet":{"background-color":"var(--ast-global-color-5)","background-image":"","background-repeat":"repeat","background-position":"center center","background-size":"auto","background-attachment":"scroll","background-type":"","background-media":"","overlay-type":"","overlay-color":"","overlay-opacity":"","overlay-gradient":""},"mobile":{"background-color":"var(--ast-global-color-5)","background-image":"","background-repeat":"repeat","background-position":"center center","background-size":"auto","background-attachment":"scroll","background-type":"","background-media":"","overlay-type":"","overlay-color":"","overlay-opacity":"","overlay-gradient":""}}},"product_brand":[],"product_cat":[37],"product_tag":[117,116,43,115,42,51],"class_list":{"0":"post-27644","1":"product","2":"type-product","3":"status-publish","4":"has-post-thumbnail","6":"product_cat-industrial-vacuum-cleaner","7":"product_tag-air-powered-vacuum-cleaner","8":"product_tag-heavy-duty-industrial-vacuum-cleaner","9":"product_tag-industrial-vacuum-cleaner","10":"product_tag-industrial-vacuum-cleaners","11":"product_tag-single-phase-industrial-vacuum-cleaner","12":"product_tag-three-phase-industrial-vacuum-cleaner","13":"desktop-align-left","14":"tablet-align-left","15":"mobile-align-left","17":"first","18":"instock","19":"shipping-taxable","20":"product-type-simple"},"yoast_head":"<!-- This site is optimized with the Yoast SEO plugin v27.4 - https:\/\/yoast.com\/product\/yoast-seo-wordpress\/ -->\n<title>Air-powered Vacuum Cleaner - China industrial vacuum cleaner manufacturer<\/title>\n<meta name=\"description\" content=\"Three Phase Industrial Vacuum Cleaner: Powerful three-phase 380V model with high negative pressure turbo pump, efficient filter cartridge, and dust vibrating system. Ideal for industrial cleaning in various fields.\" \/>\n<meta name=\"robots\" content=\"index, follow, max-snippet:-1, max-image-preview:large, max-video-preview:-1\" \/>\n<link rel=\"canonical\" href=\"https:\/\/industryvacuumcleaner.com\/es\/product\/air-powered-vacuum-cleaner\/\" \/>\n<meta property=\"og:locale\" content=\"es_ES\" \/>\n<meta property=\"og:type\" content=\"article\" \/>\n<meta property=\"og:title\" content=\"Air-powered Vacuum Cleaner - China industrial vacuum cleaner manufacturer\" \/>\n<meta property=\"og:description\" content=\"Three Phase Industrial Vacuum Cleaner: Powerful three-phase 380V model with high negative pressure turbo pump, efficient filter cartridge, and dust vibrating system. Ideal for industrial cleaning in various fields.\" \/>\n<meta property=\"og:url\" content=\"https:\/\/industryvacuumcleaner.com\/es\/product\/air-powered-vacuum-cleaner\/\" \/>\n<meta property=\"og:site_name\" content=\"China industrial vacuum cleaner manufacturer\" \/>\n<meta property=\"article:publisher\" content=\"https:\/\/www.facebook.com\/industryvacuumcleaner\" \/>\n<meta property=\"article:modified_time\" content=\"2024-04-11T09:20:23+00:00\" \/>\n<meta property=\"og:image\" content=\"https:\/\/industryvacuumcleaner.com\/wp-content\/uploads\/2023\/12\/air-power-industrial-vacuum-cleaner-scaled.jpg\" \/>\n\t<meta property=\"og:image:width\" content=\"2560\" \/>\n\t<meta property=\"og:image:height\" content=\"2560\" \/>\n\t<meta property=\"og:image:type\" content=\"image\/jpeg\" \/>\n<meta name=\"twitter:card\" content=\"summary_large_image\" \/>\n<meta name=\"twitter:label1\" content=\"Tiempo de lectura\" \/>\n\t<meta name=\"twitter:data1\" content=\"2 minutos\" \/>\n<script type=\"application\/ld+json\" class=\"yoast-schema-graph\">{\"@context\":\"https:\\\/\\\/schema.org\",\"@graph\":[{\"@type\":\"WebPage\",\"@id\":\"https:\\\/\\\/industryvacuumcleaner.com\\\/product\\\/air-powered-vacuum-cleaner\\\/\",\"url\":\"https:\\\/\\\/industryvacuumcleaner.com\\\/product\\\/air-powered-vacuum-cleaner\\\/\",\"name\":\"Air-powered Vacuum Cleaner - China industrial vacuum cleaner manufacturer\",\"isPartOf\":{\"@id\":\"https:\\\/\\\/industryvacuumcleaner.com\\\/#website\"},\"primaryImageOfPage\":{\"@id\":\"https:\\\/\\\/industryvacuumcleaner.com\\\/product\\\/air-powered-vacuum-cleaner\\\/#primaryimage\"},\"image\":{\"@id\":\"https:\\\/\\\/industryvacuumcleaner.com\\\/product\\\/air-powered-vacuum-cleaner\\\/#primaryimage\"},\"thumbnailUrl\":\"https:\\\/\\\/industryvacuumcleaner.com\\\/wp-content\\\/uploads\\\/2023\\\/12\\\/air-power-industrial-vacuum-cleaner-scaled.jpg\",\"datePublished\":\"2023-12-10T06:21:56+00:00\",\"dateModified\":\"2024-04-11T09:20:23+00:00\",\"description\":\"Three Phase Industrial Vacuum Cleaner: Powerful three-phase 380V model with high negative pressure turbo pump, efficient filter cartridge, and dust vibrating system. Ideal for industrial cleaning in various fields.\",\"breadcrumb\":{\"@id\":\"https:\\\/\\\/industryvacuumcleaner.com\\\/product\\\/air-powered-vacuum-cleaner\\\/#breadcrumb\"},\"inLanguage\":\"es\",\"potentialAction\":[{\"@type\":\"ReadAction\",\"target\":[\"https:\\\/\\\/industryvacuumcleaner.com\\\/product\\\/air-powered-vacuum-cleaner\\\/\"]}]},{\"@type\":\"ImageObject\",\"inLanguage\":\"es\",\"@id\":\"https:\\\/\\\/industryvacuumcleaner.com\\\/product\\\/air-powered-vacuum-cleaner\\\/#primaryimage\",\"url\":\"https:\\\/\\\/industryvacuumcleaner.com\\\/wp-content\\\/uploads\\\/2023\\\/12\\\/air-power-industrial-vacuum-cleaner-scaled.jpg\",\"contentUrl\":\"https:\\\/\\\/industryvacuumcleaner.com\\\/wp-content\\\/uploads\\\/2023\\\/12\\\/air-power-industrial-vacuum-cleaner-scaled.jpg\",\"width\":2560,\"height\":2560,\"caption\":\"air-power-industrial-vacuum-cleaner\"},{\"@type\":\"BreadcrumbList\",\"@id\":\"https:\\\/\\\/industryvacuumcleaner.com\\\/product\\\/air-powered-vacuum-cleaner\\\/#breadcrumb\",\"itemListElement\":[{\"@type\":\"ListItem\",\"position\":1,\"name\":\"Home\",\"item\":\"https:\\\/\\\/industryvacuumcleaner.com\\\/\"},{\"@type\":\"ListItem\",\"position\":2,\"name\":\"Other Cleaners\",\"item\":\"https:\\\/\\\/industryvacuumcleaner.com\\\/other-cleaners\\\/\"},{\"@type\":\"ListItem\",\"position\":3,\"name\":\"Air-powered Vacuum Cleaner\"}]},{\"@type\":\"WebSite\",\"@id\":\"https:\\\/\\\/industryvacuumcleaner.com\\\/#website\",\"url\":\"https:\\\/\\\/industryvacuumcleaner.com\\\/\",\"name\":\"China industrial vacuum cleaner manufacturer\",\"description\":\"Industrial vacuum cleaner: Better prices. Better products.\",\"publisher\":{\"@id\":\"https:\\\/\\\/industryvacuumcleaner.com\\\/#organization\"},\"potentialAction\":[{\"@type\":\"SearchAction\",\"target\":{\"@type\":\"EntryPoint\",\"urlTemplate\":\"https:\\\/\\\/industryvacuumcleaner.com\\\/?s={search_term_string}\"},\"query-input\":{\"@type\":\"PropertyValueSpecification\",\"valueRequired\":true,\"valueName\":\"search_term_string\"}}],\"inLanguage\":\"es\"},{\"@type\":\"Organization\",\"@id\":\"https:\\\/\\\/industryvacuumcleaner.com\\\/#organization\",\"name\":\"China industrial vacuum cleaner manufacturer\",\"url\":\"https:\\\/\\\/industryvacuumcleaner.com\\\/\",\"logo\":{\"@type\":\"ImageObject\",\"inLanguage\":\"es\",\"@id\":\"https:\\\/\\\/industryvacuumcleaner.com\\\/#\\\/schema\\\/logo\\\/image\\\/\",\"url\":\"https:\\\/\\\/industryvacuumcleaner.com\\\/wp-content\\\/uploads\\\/2024\\\/02\\\/cropped-logo-no-background.png\",\"contentUrl\":\"https:\\\/\\\/industryvacuumcleaner.com\\\/wp-content\\\/uploads\\\/2024\\\/02\\\/cropped-logo-no-background.png\",\"width\":1362,\"height\":347,\"caption\":\"China industrial vacuum cleaner manufacturer\"},\"image\":{\"@id\":\"https:\\\/\\\/industryvacuumcleaner.com\\\/#\\\/schema\\\/logo\\\/image\\\/\"},\"sameAs\":[\"https:\\\/\\\/www.facebook.com\\\/industryvacuumcleaner\",\"https:\\\/\\\/www.linkedin.com\\\/company\\\/industry-vacuum-cleaner\\\/\",\"https:\\\/\\\/www.youtube.com\\\/@industryvacuumcleaner\\\/videos\",\"http:\\\/\\\/www.tiktok.com\\\/@juliezhaotrade\"]}]}<\/script>\n<!-- \/ Yoast SEO plugin. -->","yoast_head_json":{"title":"Aspiradora neum\u00e1tica - China fabricante de aspiradoras industriales","description":"Aspirador industrial trif\u00e1sico: Potente modelo trif\u00e1sico de 380V con turbobomba de alta presi\u00f3n negativa, cartucho de filtro eficiente y sistema de vibraci\u00f3n de polvo. Ideal para la limpieza industrial en diversos campos.","robots":{"index":"index","follow":"follow","max-snippet":"max-snippet:-1","max-image-preview":"max-image-preview:large","max-video-preview":"max-video-preview:-1"},"canonical":"https:\/\/industryvacuumcleaner.com\/es\/product\/air-powered-vacuum-cleaner\/","og_locale":"es_ES","og_type":"article","og_title":"Air-powered Vacuum Cleaner - China industrial vacuum cleaner manufacturer","og_description":"Three Phase Industrial Vacuum Cleaner: Powerful three-phase 380V model with high negative pressure turbo pump, efficient filter cartridge, and dust vibrating system. Ideal for industrial cleaning in various fields.","og_url":"https:\/\/industryvacuumcleaner.com\/es\/product\/air-powered-vacuum-cleaner\/","og_site_name":"China industrial vacuum cleaner manufacturer","article_publisher":"https:\/\/www.facebook.com\/industryvacuumcleaner","article_modified_time":"2024-04-11T09:20:23+00:00","og_image":[{"width":2560,"height":2560,"url":"https:\/\/industryvacuumcleaner.com\/wp-content\/uploads\/2023\/12\/air-power-industrial-vacuum-cleaner-scaled.jpg","type":"image\/jpeg"}],"twitter_card":"summary_large_image","twitter_misc":{"Tiempo de lectura":"2 minutos"},"schema":{"@context":"https:\/\/schema.org","@graph":[{"@type":"WebPage","@id":"https:\/\/industryvacuumcleaner.com\/product\/air-powered-vacuum-cleaner\/","url":"https:\/\/industryvacuumcleaner.com\/product\/air-powered-vacuum-cleaner\/","name":"Aspiradora neum\u00e1tica - China fabricante de aspiradoras industriales","isPartOf":{"@id":"https:\/\/industryvacuumcleaner.com\/#website"},"primaryImageOfPage":{"@id":"https:\/\/industryvacuumcleaner.com\/product\/air-powered-vacuum-cleaner\/#primaryimage"},"image":{"@id":"https:\/\/industryvacuumcleaner.com\/product\/air-powered-vacuum-cleaner\/#primaryimage"},"thumbnailUrl":"https:\/\/industryvacuumcleaner.com\/wp-content\/uploads\/2023\/12\/air-power-industrial-vacuum-cleaner-scaled.jpg","datePublished":"2023-12-10T06:21:56+00:00","dateModified":"2024-04-11T09:20:23+00:00","description":"Aspirador industrial trif\u00e1sico: Potente modelo trif\u00e1sico de 380V con turbobomba de alta presi\u00f3n negativa, cartucho de filtro eficiente y sistema de vibraci\u00f3n de polvo. Ideal para la limpieza industrial en diversos campos.","breadcrumb":{"@id":"https:\/\/industryvacuumcleaner.com\/product\/air-powered-vacuum-cleaner\/#breadcrumb"},"inLanguage":"es","potentialAction":[{"@type":"ReadAction","target":["https:\/\/industryvacuumcleaner.com\/product\/air-powered-vacuum-cleaner\/"]}]},{"@type":"ImageObject","inLanguage":"es","@id":"https:\/\/industryvacuumcleaner.com\/product\/air-powered-vacuum-cleaner\/#primaryimage","url":"https:\/\/industryvacuumcleaner.com\/wp-content\/uploads\/2023\/12\/air-power-industrial-vacuum-cleaner-scaled.jpg","contentUrl":"https:\/\/industryvacuumcleaner.com\/wp-content\/uploads\/2023\/12\/air-power-industrial-vacuum-cleaner-scaled.jpg","width":2560,"height":2560,"caption":"air-power-industrial-vacuum-cleaner"},{"@type":"BreadcrumbList","@id":"https:\/\/industryvacuumcleaner.com\/product\/air-powered-vacuum-cleaner\/#breadcrumb","itemListElement":[{"@type":"ListItem","position":1,"name":"Home","item":"https:\/\/industryvacuumcleaner.com\/"},{"@type":"ListItem","position":2,"name":"Other Cleaners","item":"https:\/\/industryvacuumcleaner.com\/other-cleaners\/"},{"@type":"ListItem","position":3,"name":"Air-powered Vacuum Cleaner"}]},{"@type":"WebSite","@id":"https:\/\/industryvacuumcleaner.com\/#website","url":"https:\/\/industryvacuumcleaner.com\/","name":"China fabricante de aspiradoras industriales","description":"Aspirador industrial: Mejores precios. Mejores productos.","publisher":{"@id":"https:\/\/industryvacuumcleaner.com\/#organization"},"potentialAction":[{"@type":"SearchAction","target":{"@type":"EntryPoint","urlTemplate":"https:\/\/industryvacuumcleaner.com\/?s={search_term_string}"},"query-input":{"@type":"PropertyValueSpecification","valueRequired":true,"valueName":"search_term_string"}}],"inLanguage":"es"},{"@type":"Organization","@id":"https:\/\/industryvacuumcleaner.com\/#organization","name":"China fabricante de aspiradoras industriales","url":"https:\/\/industryvacuumcleaner.com\/","logo":{"@type":"ImageObject","inLanguage":"es","@id":"https:\/\/industryvacuumcleaner.com\/#\/schema\/logo\/image\/","url":"https:\/\/industryvacuumcleaner.com\/wp-content\/uploads\/2024\/02\/cropped-logo-no-background.png","contentUrl":"https:\/\/industryvacuumcleaner.com\/wp-content\/uploads\/2024\/02\/cropped-logo-no-background.png","width":1362,"height":347,"caption":"China industrial vacuum cleaner manufacturer"},"image":{"@id":"https:\/\/industryvacuumcleaner.com\/#\/schema\/logo\/image\/"},"sameAs":["https:\/\/www.facebook.com\/industryvacuumcleaner","https:\/\/www.linkedin.com\/company\/industry-vacuum-cleaner\/","https:\/\/www.youtube.com\/@industryvacuumcleaner\/videos","http:\/\/www.tiktok.com\/@juliezhaotrade"]}]}},"_links":{"self":[{"href":"https:\/\/industryvacuumcleaner.com\/es\/wp-json\/wp\/v2\/product\/27644","targetHints":{"allow":["GET"]}}],"collection":[{"href":"https:\/\/industryvacuumcleaner.com\/es\/wp-json\/wp\/v2\/product"}],"about":[{"href":"https:\/\/industryvacuumcleaner.com\/es\/wp-json\/wp\/v2\/types\/product"}],"wp:featuredmedia":[{"embeddable":true,"href":"https:\/\/industryvacuumcleaner.com\/es\/wp-json\/wp\/v2\/media\/27804"}],"wp:attachment":[{"href":"https:\/\/industryvacuumcleaner.com\/es\/wp-json\/wp\/v2\/media?parent=27644"}],"wp:term":[{"taxonomy":"product_brand","embeddable":true,"href":"https:\/\/industryvacuumcleaner.com\/es\/wp-json\/wp\/v2\/product_brand?post=27644"},{"taxonomy":"product_cat","embeddable":true,"href":"https:\/\/industryvacuumcleaner.com\/es\/wp-json\/wp\/v2\/product_cat?post=27644"},{"taxonomy":"product_tag","embeddable":true,"href":"https:\/\/industryvacuumcleaner.com\/es\/wp-json\/wp\/v2\/product_tag?post=27644"}],"curies":[{"name":"wp","href":"https:\/\/api.w.org\/{rel}","templated":true}]}}