{"id":26991,"date":"2023-09-12T06:40:06","date_gmt":"2023-09-12T06:40:06","guid":{"rendered":"https:\/\/industryvacuumcleaner.com\/?post_type=product&#038;p=26991"},"modified":"2026-03-05T07:38:08","modified_gmt":"2026-03-05T07:38:08","slug":"dust-extractor","status":"publish","type":"product","link":"https:\/\/industryvacuumcleaner.com\/es\/product\/dust-extractor\/","title":{"rendered":"Aspirador industrial monof\u00e1sico con bolsa"},"content":{"rendered":"<div class=\"ast-oembed-container\" style=\"height: 100%;\"><iframe title=\"aspirador industrial\" width=\"422\" height=\"750\" src=\"https:\/\/www.youtube.com\/embed\/kJnfRjS-1W4?feature=oembed\" frameborder=\"0\" allow=\"accelerometer; autoplay; clipboard-write; encrypted-media; gyroscope; picture-in-picture; web-share\" referrerpolicy=\"strict-origin-when-cross-origin\" allowfullscreen><\/iframe><\/div>\n<table width=\"1202\">\n<tbody>\n<tr>\n<td width=\"397\"><b>Modelo<\/b><\/td>\n<td width=\"359\"><b>JF502<\/b><\/td>\n<td width=\"446\"><b>JF503<\/b><\/td>\n<\/tr>\n<tr>\n<td width=\"397\"><b>Potencia<\/b> <b>Fuente<\/b><b>\uff08<\/b><b>V\/Hz<\/b><b>\uff09<\/b><\/td>\n<td colspan=\"2\" width=\"805\">Monof\u00e1sico 220V, 50\/60 Hz<\/td>\n<\/tr>\n<tr>\n<td width=\"397\"><b>Motor<\/b> <b>Potencia<\/b><b>\uff08<\/b><b>KW<\/b><b>\uff09<\/b><\/td>\n<td colspan=\"2\" width=\"805\">3,6 kW<\/td>\n<\/tr>\n<tr>\n<td width=\"397\"><b>Max. <\/b><b>Negativo<\/b> <b>Presi\u00f3n<\/b><b>\uff08<\/b><b>mBar)<\/b><\/td>\n<td width=\"359\">200<\/td>\n<td width=\"446\">200<\/td>\n<\/tr>\n<tr>\n<td width=\"397\"><b>M\u00e1ximo <\/b><b>Aire<\/b> <b>Volumen<\/b><b>\uff08<\/b><b>m<\/b><b>3<\/b><b>\/h<\/b><b>\uff09<\/b><\/td>\n<td width=\"359\">620<\/td>\n<td width=\"446\">620<\/td>\n<\/tr>\n<tr>\n<td width=\"397\"><b>Polvo <\/b><b>Vibraci\u00f3n<\/b> <b>M\u00e9todo<\/b><\/td>\n<td width=\"359\">Polvo de vibraci\u00f3n de retroceso<\/td>\n<td width=\"446\">Polvo vibrante el\u00e9ctrico + Polvo vibrante de retroceso<\/td>\n<\/tr>\n<tr>\n<td width=\"397\"><b>Filtro<\/b> <b>Tipo<\/b><\/td>\n<td colspan=\"2\" width=\"805\">Barril de filtro de fibra de poli\u00e9ster importada recubierto de PTFE<\/td>\n<\/tr>\n<tr>\n<td width=\"397\"><b>Filtro<\/b> <b>Zona<\/b><b>\uff08<\/b><b>m<\/b><b>2<\/b><b>\uff09<\/b><\/td>\n<td colspan=\"2\" width=\"805\">30000<\/td>\n<\/tr>\n<tr>\n<td width=\"397\"><b>Filtraci\u00f3n<\/b> <b>Rendimiento<\/b><\/td>\n<td colspan=\"2\" width=\"805\">0,3um, min\u226599,5%<\/td>\n<\/tr>\n<tr>\n<td width=\"397\"><b>Polvo <\/b><b>Cubo<\/b> <b>Capacidad<\/b><b>\uff08<\/b><b>L<\/b><b>\uff09<\/b><\/td>\n<td colspan=\"2\" width=\"805\">65L<\/td>\n<\/tr>\n<tr>\n<td width=\"397\"><b>Ruido<\/b><b>\uff08<\/b><b>dBA<\/b><b>\uff09<\/b><\/td>\n<td width=\"359\">78\u00b12<\/td>\n<td width=\"446\">78\u00b12<\/td>\n<\/tr>\n<tr>\n<td width=\"397\"><b>Talla<\/b><b>\uff08<\/b><b>cm<\/b><b>\uff09<\/b><\/td>\n<td colspan=\"2\" width=\"805\">660x675x1185<\/td>\n<\/tr>\n<tr>\n<td width=\"397\"><b>Peso<\/b><b>\uff08<\/b><b>kg<\/b><b>\uff09<\/b><\/td>\n<td colspan=\"2\" width=\"805\">50<\/td>\n<\/tr>\n<\/tbody>\n<\/table>\n<h4>Aspirador de polvo: Aspirador industrial monof\u00e1sico con bolsa<\/h4>\n<p>&nbsp;<\/p>\n<ul>\n<li>3 motores de aspiraci\u00f3n de polvo y agua totalmente de cobre de calidad industrial.<\/li>\n<li>Puede ser controlado independientemente por el interruptor de la estructura de embolsado continuo, f\u00e1cil de cargar y descargar r\u00e1pidamente. Bolsa de manga por la bolsa de pl\u00e1stico tubo doblado en un polvo de tracci\u00f3n continua recogida a una cierta cantidad, el uso de lazos para sellar, cortar la bolsa puede seguir utilizando.<\/li>\n<li>Cuerpo del ca\u00f1\u00f3n de pulverizaci\u00f3n electrost\u00e1tica, bello y resistente a la corrosi\u00f3n.<\/li>\n<li>Tambor de filtro recubierto de fibra de poli\u00e9ster importada, la p\u00e9rdida de presi\u00f3n es peque\u00f1a, alta precisi\u00f3n de filtraci\u00f3n.<\/li>\n<\/ul>\n<p><img fetchpriority=\"high\" decoding=\"async\" class=\"alignnone wp-image-26995 size-full\" src=\"https:\/\/industryvacuumcleaner.com\/wp-content\/uploads\/2023\/09\/Chinese-dust-extractor.png\" alt=\"\" width=\"744\" height=\"286\" srcset=\"https:\/\/industryvacuumcleaner.com\/wp-content\/uploads\/2023\/09\/Chinese-dust-extractor.png 744w, https:\/\/industryvacuumcleaner.com\/wp-content\/uploads\/2023\/09\/Chinese-dust-extractor-300x115.png 300w, https:\/\/industryvacuumcleaner.com\/wp-content\/uploads\/2023\/09\/Chinese-dust-extractor-600x231.png 600w\" sizes=\"(max-width: 744px) 100vw, 744px\" \/><\/p>\n<p><img decoding=\"async\" class=\"alignnone wp-image-27650 size-full\" src=\"https:\/\/industryvacuumcleaner.com\/wp-content\/uploads\/2023\/12\/HEPA-DUST-EXTRACTOR.jpg\" alt=\"\" width=\"750\" height=\"387\" srcset=\"https:\/\/industryvacuumcleaner.com\/wp-content\/uploads\/2023\/12\/HEPA-DUST-EXTRACTOR.jpg 750w, https:\/\/industryvacuumcleaner.com\/wp-content\/uploads\/2023\/12\/HEPA-DUST-EXTRACTOR-300x155.jpg 300w, https:\/\/industryvacuumcleaner.com\/wp-content\/uploads\/2023\/12\/HEPA-DUST-EXTRACTOR-600x310.jpg 600w\" sizes=\"(max-width: 750px) 100vw, 750px\" \/> <img decoding=\"async\" class=\"alignnone wp-image-27651 size-full\" src=\"https:\/\/industryvacuumcleaner.com\/wp-content\/uploads\/2023\/11\/industrial-vacuum-cleaner-accessories.png\" alt=\"\" width=\"1247\" height=\"695\" srcset=\"https:\/\/industryvacuumcleaner.com\/wp-content\/uploads\/2023\/11\/industrial-vacuum-cleaner-accessories.png 1247w, https:\/\/industryvacuumcleaner.com\/wp-content\/uploads\/2023\/11\/industrial-vacuum-cleaner-accessories-300x167.png 300w, https:\/\/industryvacuumcleaner.com\/wp-content\/uploads\/2023\/11\/industrial-vacuum-cleaner-accessories-1024x571.png 1024w, https:\/\/industryvacuumcleaner.com\/wp-content\/uploads\/2023\/11\/industrial-vacuum-cleaner-accessories-768x428.png 768w, https:\/\/industryvacuumcleaner.com\/wp-content\/uploads\/2023\/11\/industrial-vacuum-cleaner-accessories-600x334.png 600w\" sizes=\"(max-width: 1247px) 100vw, 1247px\" \/><\/p>","protected":false},"excerpt":{"rendered":"<p>Est\u00e1ndar con barril de filtro recubierto de fibra de poli\u00e9ster importado, adecuado para el trabajo continuo, el tama\u00f1o de part\u00edcula de polvo es peque\u00f1o, el volumen de polvo es grandes condiciones de trabajo, especialmente para la molienda de suelos, granallado y otras condiciones de trabajo. La altura de la m\u00e1quina se puede ajustar, conveniente para el transporte.<\/p>","protected":false},"featured_media":29127,"template":"","meta":{"nf_dc_page":"","site-sidebar-layout":"default","site-content-layout":"default","ast-site-content-layout":"default","site-content-style":"default","site-sidebar-style":"default","ast-global-header-display":"","ast-banner-title-visibility":"","ast-main-header-display":"","ast-hfb-above-header-display":"","ast-hfb-below-header-display":"","ast-hfb-mobile-header-display":"","site-post-title":"","ast-breadcrumbs-content":"","ast-featured-img":"","footer-sml-layout":"","ast-disable-related-posts":"","theme-transparent-header-meta":"default","adv-header-id-meta":"","stick-header-meta":"","header-above-stick-meta":"","header-main-stick-meta":"","header-below-stick-meta":"","astra-migrate-meta-layouts":"set","ast-page-background-enabled":"default","ast-page-background-meta":{"desktop":{"background-color":"","background-image":"","background-repeat":"repeat","background-position":"center center","background-size":"auto","background-attachment":"scroll","background-type":"","background-media":"","overlay-type":"","overlay-color":"","overlay-opacity":"","overlay-gradient":""},"tablet":{"background-color":"","background-image":"","background-repeat":"repeat","background-position":"center center","background-size":"auto","background-attachment":"scroll","background-type":"","background-media":"","overlay-type":"","overlay-color":"","overlay-opacity":"","overlay-gradient":""},"mobile":{"background-color":"","background-image":"","background-repeat":"repeat","background-position":"center center","background-size":"auto","background-attachment":"scroll","background-type":"","background-media":"","overlay-type":"","overlay-color":"","overlay-opacity":"","overlay-gradient":""}},"ast-content-background-meta":{"desktop":{"background-color":"var(--ast-global-color-5)","background-image":"","background-repeat":"repeat","background-position":"center center","background-size":"auto","background-attachment":"scroll","background-type":"","background-media":"","overlay-type":"","overlay-color":"","overlay-opacity":"","overlay-gradient":""},"tablet":{"background-color":"var(--ast-global-color-5)","background-image":"","background-repeat":"repeat","background-position":"center center","background-size":"auto","background-attachment":"scroll","background-type":"","background-media":"","overlay-type":"","overlay-color":"","overlay-opacity":"","overlay-gradient":""},"mobile":{"background-color":"var(--ast-global-color-5)","background-image":"","background-repeat":"repeat","background-position":"center center","background-size":"auto","background-attachment":"scroll","background-type":"","background-media":"","overlay-type":"","overlay-color":"","overlay-opacity":"","overlay-gradient":""}}},"product_brand":[],"product_cat":[37],"product_tag":[103,84,105,43,51],"class_list":{"0":"post-26991","1":"product","2":"type-product","3":"status-publish","4":"has-post-thumbnail","6":"product_cat-industrial-vacuum-cleaner","7":"product_tag-china-dust-collector","8":"product_tag-dust-collection","9":"product_tag-dust-free","10":"product_tag-industrial-vacuum-cleaner","11":"product_tag-three-phase-industrial-vacuum-cleaner","12":"desktop-align-left","13":"tablet-align-left","14":"mobile-align-left","16":"first","17":"instock","18":"shipping-taxable","19":"product-type-simple"},"yoast_head":"<!-- This site is optimized with the Yoast SEO plugin v27.4 - https:\/\/yoast.com\/product\/yoast-seo-wordpress\/ -->\n<title>Single-phase bagged industrial vacuum cleaner - China industrial vacuum cleaner manufacturer<\/title>\n<meta name=\"description\" content=\"Dust extractor: standard with imported polyester fiber coated filter barrel, suitable for continuous work, dust particle size is small,Dust volume is large working conditions, especially for floor grinding, shot blasting and other working conditions.\" \/>\n<meta name=\"robots\" content=\"index, follow, max-snippet:-1, max-image-preview:large, max-video-preview:-1\" \/>\n<link rel=\"canonical\" href=\"https:\/\/industryvacuumcleaner.com\/es\/product\/dust-extractor\/\" \/>\n<meta property=\"og:locale\" content=\"es_ES\" \/>\n<meta property=\"og:type\" content=\"article\" \/>\n<meta property=\"og:title\" content=\"Single-phase bagged industrial vacuum cleaner - China industrial vacuum cleaner manufacturer\" \/>\n<meta property=\"og:description\" content=\"Dust extractor: standard with imported polyester fiber coated filter barrel, suitable for continuous work, dust particle size is small,Dust volume is large working conditions, especially for floor grinding, shot blasting and other working conditions.\" \/>\n<meta property=\"og:url\" content=\"https:\/\/industryvacuumcleaner.com\/es\/product\/dust-extractor\/\" \/>\n<meta property=\"og:site_name\" content=\"China industrial vacuum cleaner manufacturer\" \/>\n<meta property=\"article:publisher\" content=\"https:\/\/www.facebook.com\/industryvacuumcleaner\" \/>\n<meta property=\"article:modified_time\" content=\"2026-03-05T07:38:08+00:00\" \/>\n<meta property=\"og:image\" content=\"https:\/\/industryvacuumcleaner.com\/wp-content\/uploads\/2023\/09\/dust-extractor-for-floor-grinding.jpg\" \/>\n\t<meta property=\"og:image:width\" content=\"800\" \/>\n\t<meta property=\"og:image:height\" content=\"800\" \/>\n\t<meta property=\"og:image:type\" content=\"image\/jpeg\" \/>\n<meta name=\"twitter:card\" content=\"summary_large_image\" \/>\n<meta name=\"twitter:label1\" content=\"Tiempo de lectura\" \/>\n\t<meta name=\"twitter:data1\" content=\"2 minutos\" \/>\n<script type=\"application\/ld+json\" class=\"yoast-schema-graph\">{\"@context\":\"https:\\\/\\\/schema.org\",\"@graph\":[{\"@type\":\"WebPage\",\"@id\":\"https:\\\/\\\/industryvacuumcleaner.com\\\/product\\\/dust-extractor\\\/\",\"url\":\"https:\\\/\\\/industryvacuumcleaner.com\\\/product\\\/dust-extractor\\\/\",\"name\":\"Single-phase bagged industrial vacuum cleaner - China industrial vacuum cleaner manufacturer\",\"isPartOf\":{\"@id\":\"https:\\\/\\\/industryvacuumcleaner.com\\\/#website\"},\"primaryImageOfPage\":{\"@id\":\"https:\\\/\\\/industryvacuumcleaner.com\\\/product\\\/dust-extractor\\\/#primaryimage\"},\"image\":{\"@id\":\"https:\\\/\\\/industryvacuumcleaner.com\\\/product\\\/dust-extractor\\\/#primaryimage\"},\"thumbnailUrl\":\"https:\\\/\\\/industryvacuumcleaner.com\\\/wp-content\\\/uploads\\\/2023\\\/09\\\/dust-extractor-for-floor-grinding.jpg\",\"datePublished\":\"2023-09-12T06:40:06+00:00\",\"dateModified\":\"2026-03-05T07:38:08+00:00\",\"description\":\"Dust extractor: standard with imported polyester fiber coated filter barrel, suitable for continuous work, dust particle size is small,Dust volume is large working conditions, especially for floor grinding, shot blasting and other working conditions.\",\"breadcrumb\":{\"@id\":\"https:\\\/\\\/industryvacuumcleaner.com\\\/product\\\/dust-extractor\\\/#breadcrumb\"},\"inLanguage\":\"es\",\"potentialAction\":[{\"@type\":\"ReadAction\",\"target\":[\"https:\\\/\\\/industryvacuumcleaner.com\\\/product\\\/dust-extractor\\\/\"]}]},{\"@type\":\"ImageObject\",\"inLanguage\":\"es\",\"@id\":\"https:\\\/\\\/industryvacuumcleaner.com\\\/product\\\/dust-extractor\\\/#primaryimage\",\"url\":\"https:\\\/\\\/industryvacuumcleaner.com\\\/wp-content\\\/uploads\\\/2023\\\/09\\\/dust-extractor-for-floor-grinding.jpg\",\"contentUrl\":\"https:\\\/\\\/industryvacuumcleaner.com\\\/wp-content\\\/uploads\\\/2023\\\/09\\\/dust-extractor-for-floor-grinding.jpg\",\"width\":800,\"height\":800,\"caption\":\"dust extractor for floor grinding\"},{\"@type\":\"BreadcrumbList\",\"@id\":\"https:\\\/\\\/industryvacuumcleaner.com\\\/product\\\/dust-extractor\\\/#breadcrumb\",\"itemListElement\":[{\"@type\":\"ListItem\",\"position\":1,\"name\":\"Home\",\"item\":\"https:\\\/\\\/industryvacuumcleaner.com\\\/\"},{\"@type\":\"ListItem\",\"position\":2,\"name\":\"Other Cleaners\",\"item\":\"https:\\\/\\\/industryvacuumcleaner.com\\\/other-cleaners\\\/\"},{\"@type\":\"ListItem\",\"position\":3,\"name\":\"Single-phase bagged industrial vacuum cleaner\"}]},{\"@type\":\"WebSite\",\"@id\":\"https:\\\/\\\/industryvacuumcleaner.com\\\/#website\",\"url\":\"https:\\\/\\\/industryvacuumcleaner.com\\\/\",\"name\":\"China industrial vacuum cleaner manufacturer\",\"description\":\"Industrial vacuum cleaner: Better prices. Better products.\",\"publisher\":{\"@id\":\"https:\\\/\\\/industryvacuumcleaner.com\\\/#organization\"},\"potentialAction\":[{\"@type\":\"SearchAction\",\"target\":{\"@type\":\"EntryPoint\",\"urlTemplate\":\"https:\\\/\\\/industryvacuumcleaner.com\\\/?s={search_term_string}\"},\"query-input\":{\"@type\":\"PropertyValueSpecification\",\"valueRequired\":true,\"valueName\":\"search_term_string\"}}],\"inLanguage\":\"es\"},{\"@type\":\"Organization\",\"@id\":\"https:\\\/\\\/industryvacuumcleaner.com\\\/#organization\",\"name\":\"China industrial vacuum cleaner manufacturer\",\"url\":\"https:\\\/\\\/industryvacuumcleaner.com\\\/\",\"logo\":{\"@type\":\"ImageObject\",\"inLanguage\":\"es\",\"@id\":\"https:\\\/\\\/industryvacuumcleaner.com\\\/#\\\/schema\\\/logo\\\/image\\\/\",\"url\":\"https:\\\/\\\/industryvacuumcleaner.com\\\/wp-content\\\/uploads\\\/2024\\\/02\\\/cropped-logo-no-background.png\",\"contentUrl\":\"https:\\\/\\\/industryvacuumcleaner.com\\\/wp-content\\\/uploads\\\/2024\\\/02\\\/cropped-logo-no-background.png\",\"width\":1362,\"height\":347,\"caption\":\"China industrial vacuum cleaner manufacturer\"},\"image\":{\"@id\":\"https:\\\/\\\/industryvacuumcleaner.com\\\/#\\\/schema\\\/logo\\\/image\\\/\"},\"sameAs\":[\"https:\\\/\\\/www.facebook.com\\\/industryvacuumcleaner\",\"https:\\\/\\\/www.linkedin.com\\\/company\\\/industry-vacuum-cleaner\\\/\",\"https:\\\/\\\/www.youtube.com\\\/@industryvacuumcleaner\\\/videos\",\"http:\\\/\\\/www.tiktok.com\\\/@juliezhaotrade\"]}]}<\/script>\n<!-- \/ Yoast SEO plugin. -->","yoast_head_json":{"title":"Aspirador industrial monof\u00e1sico con bolsa - China fabricante de aspiradores industriales","description":"Extractor de polvo: est\u00e1ndar con barril de filtro revestido de fibra de poli\u00e9ster importado, adecuado para el trabajo continuo, el tama\u00f1o de las part\u00edculas de polvo es peque\u00f1o, el volumen de polvo es grande condiciones de trabajo, especialmente para la molienda de suelos, granallado y otras condiciones de trabajo.","robots":{"index":"index","follow":"follow","max-snippet":"max-snippet:-1","max-image-preview":"max-image-preview:large","max-video-preview":"max-video-preview:-1"},"canonical":"https:\/\/industryvacuumcleaner.com\/es\/product\/dust-extractor\/","og_locale":"es_ES","og_type":"article","og_title":"Single-phase bagged industrial vacuum cleaner - China industrial vacuum cleaner manufacturer","og_description":"Dust extractor: standard with imported polyester fiber coated filter barrel, suitable for continuous work, dust particle size is small,Dust volume is large working conditions, especially for floor grinding, shot blasting and other working conditions.","og_url":"https:\/\/industryvacuumcleaner.com\/es\/product\/dust-extractor\/","og_site_name":"China industrial vacuum cleaner manufacturer","article_publisher":"https:\/\/www.facebook.com\/industryvacuumcleaner","article_modified_time":"2026-03-05T07:38:08+00:00","og_image":[{"width":800,"height":800,"url":"https:\/\/industryvacuumcleaner.com\/wp-content\/uploads\/2023\/09\/dust-extractor-for-floor-grinding.jpg","type":"image\/jpeg"}],"twitter_card":"summary_large_image","twitter_misc":{"Tiempo de lectura":"2 minutos"},"schema":{"@context":"https:\/\/schema.org","@graph":[{"@type":"WebPage","@id":"https:\/\/industryvacuumcleaner.com\/product\/dust-extractor\/","url":"https:\/\/industryvacuumcleaner.com\/product\/dust-extractor\/","name":"Aspirador industrial monof\u00e1sico con bolsa - China fabricante de aspiradores industriales","isPartOf":{"@id":"https:\/\/industryvacuumcleaner.com\/#website"},"primaryImageOfPage":{"@id":"https:\/\/industryvacuumcleaner.com\/product\/dust-extractor\/#primaryimage"},"image":{"@id":"https:\/\/industryvacuumcleaner.com\/product\/dust-extractor\/#primaryimage"},"thumbnailUrl":"https:\/\/industryvacuumcleaner.com\/wp-content\/uploads\/2023\/09\/dust-extractor-for-floor-grinding.jpg","datePublished":"2023-09-12T06:40:06+00:00","dateModified":"2026-03-05T07:38:08+00:00","description":"Extractor de polvo: est\u00e1ndar con barril de filtro revestido de fibra de poli\u00e9ster importado, adecuado para el trabajo continuo, el tama\u00f1o de las part\u00edculas de polvo es peque\u00f1o, el volumen de polvo es grande condiciones de trabajo, especialmente para la molienda de suelos, granallado y otras condiciones de trabajo.","breadcrumb":{"@id":"https:\/\/industryvacuumcleaner.com\/product\/dust-extractor\/#breadcrumb"},"inLanguage":"es","potentialAction":[{"@type":"ReadAction","target":["https:\/\/industryvacuumcleaner.com\/product\/dust-extractor\/"]}]},{"@type":"ImageObject","inLanguage":"es","@id":"https:\/\/industryvacuumcleaner.com\/product\/dust-extractor\/#primaryimage","url":"https:\/\/industryvacuumcleaner.com\/wp-content\/uploads\/2023\/09\/dust-extractor-for-floor-grinding.jpg","contentUrl":"https:\/\/industryvacuumcleaner.com\/wp-content\/uploads\/2023\/09\/dust-extractor-for-floor-grinding.jpg","width":800,"height":800,"caption":"dust extractor for floor grinding"},{"@type":"BreadcrumbList","@id":"https:\/\/industryvacuumcleaner.com\/product\/dust-extractor\/#breadcrumb","itemListElement":[{"@type":"ListItem","position":1,"name":"Home","item":"https:\/\/industryvacuumcleaner.com\/"},{"@type":"ListItem","position":2,"name":"Other Cleaners","item":"https:\/\/industryvacuumcleaner.com\/other-cleaners\/"},{"@type":"ListItem","position":3,"name":"Single-phase bagged industrial vacuum cleaner"}]},{"@type":"WebSite","@id":"https:\/\/industryvacuumcleaner.com\/#website","url":"https:\/\/industryvacuumcleaner.com\/","name":"China fabricante de aspiradoras industriales","description":"Aspirador industrial: Mejores precios. Mejores productos.","publisher":{"@id":"https:\/\/industryvacuumcleaner.com\/#organization"},"potentialAction":[{"@type":"SearchAction","target":{"@type":"EntryPoint","urlTemplate":"https:\/\/industryvacuumcleaner.com\/?s={search_term_string}"},"query-input":{"@type":"PropertyValueSpecification","valueRequired":true,"valueName":"search_term_string"}}],"inLanguage":"es"},{"@type":"Organization","@id":"https:\/\/industryvacuumcleaner.com\/#organization","name":"China fabricante de aspiradoras industriales","url":"https:\/\/industryvacuumcleaner.com\/","logo":{"@type":"ImageObject","inLanguage":"es","@id":"https:\/\/industryvacuumcleaner.com\/#\/schema\/logo\/image\/","url":"https:\/\/industryvacuumcleaner.com\/wp-content\/uploads\/2024\/02\/cropped-logo-no-background.png","contentUrl":"https:\/\/industryvacuumcleaner.com\/wp-content\/uploads\/2024\/02\/cropped-logo-no-background.png","width":1362,"height":347,"caption":"China industrial vacuum cleaner manufacturer"},"image":{"@id":"https:\/\/industryvacuumcleaner.com\/#\/schema\/logo\/image\/"},"sameAs":["https:\/\/www.facebook.com\/industryvacuumcleaner","https:\/\/www.linkedin.com\/company\/industry-vacuum-cleaner\/","https:\/\/www.youtube.com\/@industryvacuumcleaner\/videos","http:\/\/www.tiktok.com\/@juliezhaotrade"]}]}},"_links":{"self":[{"href":"https:\/\/industryvacuumcleaner.com\/es\/wp-json\/wp\/v2\/product\/26991","targetHints":{"allow":["GET"]}}],"collection":[{"href":"https:\/\/industryvacuumcleaner.com\/es\/wp-json\/wp\/v2\/product"}],"about":[{"href":"https:\/\/industryvacuumcleaner.com\/es\/wp-json\/wp\/v2\/types\/product"}],"wp:featuredmedia":[{"embeddable":true,"href":"https:\/\/industryvacuumcleaner.com\/es\/wp-json\/wp\/v2\/media\/29127"}],"wp:attachment":[{"href":"https:\/\/industryvacuumcleaner.com\/es\/wp-json\/wp\/v2\/media?parent=26991"}],"wp:term":[{"taxonomy":"product_brand","embeddable":true,"href":"https:\/\/industryvacuumcleaner.com\/es\/wp-json\/wp\/v2\/product_brand?post=26991"},{"taxonomy":"product_cat","embeddable":true,"href":"https:\/\/industryvacuumcleaner.com\/es\/wp-json\/wp\/v2\/product_cat?post=26991"},{"taxonomy":"product_tag","embeddable":true,"href":"https:\/\/industryvacuumcleaner.com\/es\/wp-json\/wp\/v2\/product_tag?post=26991"}],"curies":[{"name":"wp","href":"https:\/\/api.w.org\/{rel}","templated":true}]}}