{"id":25750,"date":"2023-06-17T06:51:28","date_gmt":"2023-06-17T06:51:28","guid":{"rendered":"http:\/\/industryvacuumcleaner.com\/?post_type=product&#038;p=25750"},"modified":"2024-05-19T10:48:22","modified_gmt":"2024-05-19T10:48:22","slug":"hot-selling-cordless-battary-cement-tile-epoxy-marble-floor-commercial-mini-floor-scrubber","status":"publish","type":"product","link":"https:\/\/industryvacuumcleaner.com\/es\/product\/hot-selling-cordless-battary-cement-tile-epoxy-marble-floor-commercial-mini-floor-scrubber\/","title":{"rendered":"Venta caliente inal\u00e1mbrico Battary baldosas de cemento epoxi piso de m\u00e1rmol Comercial Mini Floor Scrubber"},"content":{"rendered":"<div class=\"ast-oembed-container\" style=\"height: 100%;\"><iframe title=\"Venta caliente inal\u00e1mbrico Battary baldosas de cemento epoxi piso de m\u00e1rmol Comercial Mini Floor Scrubber\" width=\"500\" height=\"281\" src=\"https:\/\/www.youtube.com\/embed\/TJVZwOFmcec?feature=oembed\" frameborder=\"0\" allow=\"accelerometer; autoplay; clipboard-write; encrypted-media; gyroscope; picture-in-picture; web-share\" referrerpolicy=\"strict-origin-when-cross-origin\" allowfullscreen><\/iframe><\/div>\n<p>La fregadora autom\u00e1tica el\u00e9ctrica TIO-007 que limpia m\u00e1s r\u00e1pido, m\u00e1s limpio, m\u00e1s seguro, m\u00e1s verde y es mejor para todos. El dise\u00f1o compacto de la TIO-007 le permite limpiar hasta el borde y por debajo de obst\u00e1culos, minimizando el fregado manual. La TIO-007 a bater\u00eda est\u00e1 equipada con dos cepillos contrarrotantes que proporcionan un fregado profundo y un gran resultado de limpieza. La TIO-007 reduce significativamente la cantidad de agua y productos qu\u00edmicos necesarios, lo que se traduce en un resultado m\u00e1s ecol\u00f3gico y reduce el riesgo de suelos resbaladizos.<\/p>\n<p><img fetchpriority=\"high\" decoding=\"async\" class=\"alignnone wp-image-26115 size-large\" src=\"https:\/\/industryvacuumcleaner.com\/wp-content\/uploads\/2023\/06\/jfortune-package-1024x768.jpg\" alt=\"\" width=\"1024\" height=\"768\" srcset=\"https:\/\/industryvacuumcleaner.com\/wp-content\/uploads\/2023\/06\/jfortune-package-1024x768.jpg 1024w, https:\/\/industryvacuumcleaner.com\/wp-content\/uploads\/2023\/06\/jfortune-package-300x225.jpg 300w, https:\/\/industryvacuumcleaner.com\/wp-content\/uploads\/2023\/06\/jfortune-package-768x576.jpg 768w, https:\/\/industryvacuumcleaner.com\/wp-content\/uploads\/2023\/06\/jfortune-package-1536x1152.jpg 1536w, https:\/\/industryvacuumcleaner.com\/wp-content\/uploads\/2023\/06\/jfortune-package-600x450.jpg 600w, https:\/\/industryvacuumcleaner.com\/wp-content\/uploads\/2023\/06\/jfortune-package.jpg 1706w\" sizes=\"(max-width: 1024px) 100vw, 1024px\" \/><\/p>","protected":false},"excerpt":{"rendered":"<p>The electric-Scrubber TIO-007 auto cleaning machine that cleans faster, cleaner, safer, greener and is better for everyone. The TIO-007 compact design allows you to clean right to the edge and under obstacles, minimizing manual scrubbing. The battery-operated TIO-007 is equipped with two counter-rotating brushes that provide a deep scrub and a great cleaning result. The [&hellip;]<\/p>\n","protected":false},"featured_media":27926,"template":"","meta":{"nf_dc_page":"","site-sidebar-layout":"default","site-content-layout":"default","ast-site-content-layout":"default","site-content-style":"default","site-sidebar-style":"default","ast-global-header-display":"","ast-banner-title-visibility":"","ast-main-header-display":"","ast-hfb-above-header-display":"","ast-hfb-below-header-display":"","ast-hfb-mobile-header-display":"","site-post-title":"","ast-breadcrumbs-content":"","ast-featured-img":"","footer-sml-layout":"","ast-disable-related-posts":"","theme-transparent-header-meta":"default","adv-header-id-meta":"","stick-header-meta":"","header-above-stick-meta":"","header-main-stick-meta":"","header-below-stick-meta":"","astra-migrate-meta-layouts":"set","ast-page-background-enabled":"default","ast-page-background-meta":{"desktop":{"background-color":"","background-image":"","background-repeat":"repeat","background-position":"center center","background-size":"auto","background-attachment":"scroll","background-type":"","background-media":"","overlay-type":"","overlay-color":"","overlay-opacity":"","overlay-gradient":""},"tablet":{"background-color":"","background-image":"","background-repeat":"repeat","background-position":"center center","background-size":"auto","background-attachment":"scroll","background-type":"","background-media":"","overlay-type":"","overlay-color":"","overlay-opacity":"","overlay-gradient":""},"mobile":{"background-color":"","background-image":"","background-repeat":"repeat","background-position":"center center","background-size":"auto","background-attachment":"scroll","background-type":"","background-media":"","overlay-type":"","overlay-color":"","overlay-opacity":"","overlay-gradient":""}},"ast-content-background-meta":{"desktop":{"background-color":"var(--ast-global-color-5)","background-image":"","background-repeat":"repeat","background-position":"center center","background-size":"auto","background-attachment":"scroll","background-type":"","background-media":"","overlay-type":"","overlay-color":"","overlay-opacity":"","overlay-gradient":""},"tablet":{"background-color":"var(--ast-global-color-5)","background-image":"","background-repeat":"repeat","background-position":"center center","background-size":"auto","background-attachment":"scroll","background-type":"","background-media":"","overlay-type":"","overlay-color":"","overlay-opacity":"","overlay-gradient":""},"mobile":{"background-color":"var(--ast-global-color-5)","background-image":"","background-repeat":"repeat","background-position":"center center","background-size":"auto","background-attachment":"scroll","background-type":"","background-media":"","overlay-type":"","overlay-color":"","overlay-opacity":"","overlay-gradient":""}}},"product_brand":[],"product_cat":[38],"product_tag":[57,56],"class_list":{"0":"post-25750","1":"product","2":"type-product","3":"status-publish","4":"has-post-thumbnail","6":"product_cat-floor-scrubber","7":"product_tag-commercial-mini-floor-scrubber","8":"product_tag-mini-floor-scrubber","9":"desktop-align-left","10":"tablet-align-left","11":"mobile-align-left","13":"first","14":"instock","15":"shipping-taxable","16":"product-type-simple"},"yoast_head":"<!-- This site is optimized with the Yoast SEO plugin v27.4 - https:\/\/yoast.com\/product\/yoast-seo-wordpress\/ -->\n<title>Hot Selling Cordless Battary Cement Tile Epoxy Marble Floor Commercial Mini Floor Scrubber - China industrial vacuum cleaner manufacturer<\/title>\n<meta name=\"description\" content=\"The Commercial Floor Scrubber that cleans faster, cleaner, safer, greener and is better for everyone. The compact design allows you to clean right to the edge and under obstacles, minimizing manual scrubbing.\" \/>\n<meta name=\"robots\" content=\"index, follow, max-snippet:-1, max-image-preview:large, max-video-preview:-1\" \/>\n<link rel=\"canonical\" href=\"https:\/\/industryvacuumcleaner.com\/es\/product\/hot-selling-cordless-battary-cement-tile-epoxy-marble-floor-commercial-mini-floor-scrubber\/\" \/>\n<meta property=\"og:locale\" content=\"es_ES\" \/>\n<meta property=\"og:type\" content=\"article\" \/>\n<meta property=\"og:title\" content=\"Hot Selling Cordless Battary Cement Tile Epoxy Marble Floor Commercial Mini Floor Scrubber - China industrial vacuum cleaner manufacturer\" \/>\n<meta property=\"og:description\" content=\"The Commercial Floor Scrubber that cleans faster, cleaner, safer, greener and is better for everyone. The compact design allows you to clean right to the edge and under obstacles, minimizing manual scrubbing.\" \/>\n<meta property=\"og:url\" content=\"https:\/\/industryvacuumcleaner.com\/es\/product\/hot-selling-cordless-battary-cement-tile-epoxy-marble-floor-commercial-mini-floor-scrubber\/\" \/>\n<meta property=\"og:site_name\" content=\"China industrial vacuum cleaner manufacturer\" \/>\n<meta property=\"article:publisher\" content=\"https:\/\/www.facebook.com\/industryvacuumcleaner\" \/>\n<meta property=\"article:modified_time\" content=\"2024-05-19T10:48:22+00:00\" \/>\n<meta property=\"og:image\" content=\"https:\/\/industryvacuumcleaner.com\/wp-content\/uploads\/2023\/06\/Mini-Floor-Scrubber-For-Small-And-Narrow-Space-1.jpg\" \/>\n\t<meta property=\"og:image:width\" content=\"1280\" \/>\n\t<meta property=\"og:image:height\" content=\"1280\" \/>\n\t<meta property=\"og:image:type\" content=\"image\/jpeg\" \/>\n<meta name=\"twitter:card\" content=\"summary_large_image\" \/>\n<meta name=\"twitter:label1\" content=\"Tiempo de lectura\" \/>\n\t<meta name=\"twitter:data1\" content=\"1 minuto\" \/>\n<script type=\"application\/ld+json\" class=\"yoast-schema-graph\">{\"@context\":\"https:\\\/\\\/schema.org\",\"@graph\":[{\"@type\":\"WebPage\",\"@id\":\"https:\\\/\\\/industryvacuumcleaner.com\\\/product\\\/hot-selling-cordless-battary-cement-tile-epoxy-marble-floor-commercial-mini-floor-scrubber\\\/\",\"url\":\"https:\\\/\\\/industryvacuumcleaner.com\\\/product\\\/hot-selling-cordless-battary-cement-tile-epoxy-marble-floor-commercial-mini-floor-scrubber\\\/\",\"name\":\"Hot Selling Cordless Battary Cement Tile Epoxy Marble Floor Commercial Mini Floor Scrubber - China industrial vacuum cleaner manufacturer\",\"isPartOf\":{\"@id\":\"https:\\\/\\\/industryvacuumcleaner.com\\\/#website\"},\"primaryImageOfPage\":{\"@id\":\"https:\\\/\\\/industryvacuumcleaner.com\\\/product\\\/hot-selling-cordless-battary-cement-tile-epoxy-marble-floor-commercial-mini-floor-scrubber\\\/#primaryimage\"},\"image\":{\"@id\":\"https:\\\/\\\/industryvacuumcleaner.com\\\/product\\\/hot-selling-cordless-battary-cement-tile-epoxy-marble-floor-commercial-mini-floor-scrubber\\\/#primaryimage\"},\"thumbnailUrl\":\"https:\\\/\\\/industryvacuumcleaner.com\\\/wp-content\\\/uploads\\\/2023\\\/06\\\/Mini-Floor-Scrubber-For-Small-And-Narrow-Space-1.jpg\",\"datePublished\":\"2023-06-17T06:51:28+00:00\",\"dateModified\":\"2024-05-19T10:48:22+00:00\",\"description\":\"The Commercial Floor Scrubber that cleans faster, cleaner, safer, greener and is better for everyone. The compact design allows you to clean right to the edge and under obstacles, minimizing manual scrubbing.\",\"breadcrumb\":{\"@id\":\"https:\\\/\\\/industryvacuumcleaner.com\\\/product\\\/hot-selling-cordless-battary-cement-tile-epoxy-marble-floor-commercial-mini-floor-scrubber\\\/#breadcrumb\"},\"inLanguage\":\"es\",\"potentialAction\":[{\"@type\":\"ReadAction\",\"target\":[\"https:\\\/\\\/industryvacuumcleaner.com\\\/product\\\/hot-selling-cordless-battary-cement-tile-epoxy-marble-floor-commercial-mini-floor-scrubber\\\/\"]}]},{\"@type\":\"ImageObject\",\"inLanguage\":\"es\",\"@id\":\"https:\\\/\\\/industryvacuumcleaner.com\\\/product\\\/hot-selling-cordless-battary-cement-tile-epoxy-marble-floor-commercial-mini-floor-scrubber\\\/#primaryimage\",\"url\":\"https:\\\/\\\/industryvacuumcleaner.com\\\/wp-content\\\/uploads\\\/2023\\\/06\\\/Mini-Floor-Scrubber-For-Small-And-Narrow-Space-1.jpg\",\"contentUrl\":\"https:\\\/\\\/industryvacuumcleaner.com\\\/wp-content\\\/uploads\\\/2023\\\/06\\\/Mini-Floor-Scrubber-For-Small-And-Narrow-Space-1.jpg\",\"width\":1280,\"height\":1280,\"caption\":\"Mini-Floor-Scrubber-For-Small-And-Narrow-Space\"},{\"@type\":\"BreadcrumbList\",\"@id\":\"https:\\\/\\\/industryvacuumcleaner.com\\\/product\\\/hot-selling-cordless-battary-cement-tile-epoxy-marble-floor-commercial-mini-floor-scrubber\\\/#breadcrumb\",\"itemListElement\":[{\"@type\":\"ListItem\",\"position\":1,\"name\":\"Home\",\"item\":\"https:\\\/\\\/industryvacuumcleaner.com\\\/\"},{\"@type\":\"ListItem\",\"position\":2,\"name\":\"Other Cleaners\",\"item\":\"https:\\\/\\\/industryvacuumcleaner.com\\\/other-cleaners\\\/\"},{\"@type\":\"ListItem\",\"position\":3,\"name\":\"Hot Selling Cordless Battary Cement Tile Epoxy Marble Floor Commercial Mini Floor Scrubber\"}]},{\"@type\":\"WebSite\",\"@id\":\"https:\\\/\\\/industryvacuumcleaner.com\\\/#website\",\"url\":\"https:\\\/\\\/industryvacuumcleaner.com\\\/\",\"name\":\"China industrial vacuum cleaner manufacturer\",\"description\":\"Industrial vacuum cleaner: Better prices. Better products.\",\"publisher\":{\"@id\":\"https:\\\/\\\/industryvacuumcleaner.com\\\/#organization\"},\"potentialAction\":[{\"@type\":\"SearchAction\",\"target\":{\"@type\":\"EntryPoint\",\"urlTemplate\":\"https:\\\/\\\/industryvacuumcleaner.com\\\/?s={search_term_string}\"},\"query-input\":{\"@type\":\"PropertyValueSpecification\",\"valueRequired\":true,\"valueName\":\"search_term_string\"}}],\"inLanguage\":\"es\"},{\"@type\":\"Organization\",\"@id\":\"https:\\\/\\\/industryvacuumcleaner.com\\\/#organization\",\"name\":\"China industrial vacuum cleaner manufacturer\",\"url\":\"https:\\\/\\\/industryvacuumcleaner.com\\\/\",\"logo\":{\"@type\":\"ImageObject\",\"inLanguage\":\"es\",\"@id\":\"https:\\\/\\\/industryvacuumcleaner.com\\\/#\\\/schema\\\/logo\\\/image\\\/\",\"url\":\"https:\\\/\\\/industryvacuumcleaner.com\\\/wp-content\\\/uploads\\\/2024\\\/02\\\/cropped-logo-no-background.png\",\"contentUrl\":\"https:\\\/\\\/industryvacuumcleaner.com\\\/wp-content\\\/uploads\\\/2024\\\/02\\\/cropped-logo-no-background.png\",\"width\":1362,\"height\":347,\"caption\":\"China industrial vacuum cleaner manufacturer\"},\"image\":{\"@id\":\"https:\\\/\\\/industryvacuumcleaner.com\\\/#\\\/schema\\\/logo\\\/image\\\/\"},\"sameAs\":[\"https:\\\/\\\/www.facebook.com\\\/industryvacuumcleaner\",\"https:\\\/\\\/www.linkedin.com\\\/company\\\/industry-vacuum-cleaner\\\/\",\"https:\\\/\\\/www.youtube.com\\\/@industryvacuumcleaner\\\/videos\",\"http:\\\/\\\/www.tiktok.com\\\/@juliezhaotrade\"]}]}<\/script>\n<!-- \/ Yoast SEO plugin. -->","yoast_head_json":{"title":"Venta caliente inal\u00e1mbrico Battary baldosas de cemento epoxi piso de m\u00e1rmol comercial Mini Floor Scrubber - China fabricante de aspiradoras industriales","description":"La fregadora de suelos comercial que limpia m\u00e1s r\u00e1pido, m\u00e1s limpio, m\u00e1s seguro, m\u00e1s ecol\u00f3gico y es mejor para todos. Su dise\u00f1o compacto le permite limpiar hasta el borde y por debajo de obst\u00e1culos, minimizando el fregado manual.","robots":{"index":"index","follow":"follow","max-snippet":"max-snippet:-1","max-image-preview":"max-image-preview:large","max-video-preview":"max-video-preview:-1"},"canonical":"https:\/\/industryvacuumcleaner.com\/es\/product\/hot-selling-cordless-battary-cement-tile-epoxy-marble-floor-commercial-mini-floor-scrubber\/","og_locale":"es_ES","og_type":"article","og_title":"Hot Selling Cordless Battary Cement Tile Epoxy Marble Floor Commercial Mini Floor Scrubber - China industrial vacuum cleaner manufacturer","og_description":"The Commercial Floor Scrubber that cleans faster, cleaner, safer, greener and is better for everyone. The compact design allows you to clean right to the edge and under obstacles, minimizing manual scrubbing.","og_url":"https:\/\/industryvacuumcleaner.com\/es\/product\/hot-selling-cordless-battary-cement-tile-epoxy-marble-floor-commercial-mini-floor-scrubber\/","og_site_name":"China industrial vacuum cleaner manufacturer","article_publisher":"https:\/\/www.facebook.com\/industryvacuumcleaner","article_modified_time":"2024-05-19T10:48:22+00:00","og_image":[{"width":1280,"height":1280,"url":"https:\/\/industryvacuumcleaner.com\/wp-content\/uploads\/2023\/06\/Mini-Floor-Scrubber-For-Small-And-Narrow-Space-1.jpg","type":"image\/jpeg"}],"twitter_card":"summary_large_image","twitter_misc":{"Tiempo de lectura":"1 minuto"},"schema":{"@context":"https:\/\/schema.org","@graph":[{"@type":"WebPage","@id":"https:\/\/industryvacuumcleaner.com\/product\/hot-selling-cordless-battary-cement-tile-epoxy-marble-floor-commercial-mini-floor-scrubber\/","url":"https:\/\/industryvacuumcleaner.com\/product\/hot-selling-cordless-battary-cement-tile-epoxy-marble-floor-commercial-mini-floor-scrubber\/","name":"Venta caliente inal\u00e1mbrico Battary baldosas de cemento epoxi piso de m\u00e1rmol comercial Mini Floor Scrubber - China fabricante de aspiradoras industriales","isPartOf":{"@id":"https:\/\/industryvacuumcleaner.com\/#website"},"primaryImageOfPage":{"@id":"https:\/\/industryvacuumcleaner.com\/product\/hot-selling-cordless-battary-cement-tile-epoxy-marble-floor-commercial-mini-floor-scrubber\/#primaryimage"},"image":{"@id":"https:\/\/industryvacuumcleaner.com\/product\/hot-selling-cordless-battary-cement-tile-epoxy-marble-floor-commercial-mini-floor-scrubber\/#primaryimage"},"thumbnailUrl":"https:\/\/industryvacuumcleaner.com\/wp-content\/uploads\/2023\/06\/Mini-Floor-Scrubber-For-Small-And-Narrow-Space-1.jpg","datePublished":"2023-06-17T06:51:28+00:00","dateModified":"2024-05-19T10:48:22+00:00","description":"La fregadora de suelos comercial que limpia m\u00e1s r\u00e1pido, m\u00e1s limpio, m\u00e1s seguro, m\u00e1s ecol\u00f3gico y es mejor para todos. Su dise\u00f1o compacto le permite limpiar hasta el borde y por debajo de obst\u00e1culos, minimizando el fregado manual.","breadcrumb":{"@id":"https:\/\/industryvacuumcleaner.com\/product\/hot-selling-cordless-battary-cement-tile-epoxy-marble-floor-commercial-mini-floor-scrubber\/#breadcrumb"},"inLanguage":"es","potentialAction":[{"@type":"ReadAction","target":["https:\/\/industryvacuumcleaner.com\/product\/hot-selling-cordless-battary-cement-tile-epoxy-marble-floor-commercial-mini-floor-scrubber\/"]}]},{"@type":"ImageObject","inLanguage":"es","@id":"https:\/\/industryvacuumcleaner.com\/product\/hot-selling-cordless-battary-cement-tile-epoxy-marble-floor-commercial-mini-floor-scrubber\/#primaryimage","url":"https:\/\/industryvacuumcleaner.com\/wp-content\/uploads\/2023\/06\/Mini-Floor-Scrubber-For-Small-And-Narrow-Space-1.jpg","contentUrl":"https:\/\/industryvacuumcleaner.com\/wp-content\/uploads\/2023\/06\/Mini-Floor-Scrubber-For-Small-And-Narrow-Space-1.jpg","width":1280,"height":1280,"caption":"Mini-Floor-Scrubber-For-Small-And-Narrow-Space"},{"@type":"BreadcrumbList","@id":"https:\/\/industryvacuumcleaner.com\/product\/hot-selling-cordless-battary-cement-tile-epoxy-marble-floor-commercial-mini-floor-scrubber\/#breadcrumb","itemListElement":[{"@type":"ListItem","position":1,"name":"Home","item":"https:\/\/industryvacuumcleaner.com\/"},{"@type":"ListItem","position":2,"name":"Other Cleaners","item":"https:\/\/industryvacuumcleaner.com\/other-cleaners\/"},{"@type":"ListItem","position":3,"name":"Hot Selling Cordless Battary Cement Tile Epoxy Marble Floor Commercial Mini Floor Scrubber"}]},{"@type":"WebSite","@id":"https:\/\/industryvacuumcleaner.com\/#website","url":"https:\/\/industryvacuumcleaner.com\/","name":"China fabricante de aspiradoras industriales","description":"Aspirador industrial: Mejores precios. Mejores productos.","publisher":{"@id":"https:\/\/industryvacuumcleaner.com\/#organization"},"potentialAction":[{"@type":"SearchAction","target":{"@type":"EntryPoint","urlTemplate":"https:\/\/industryvacuumcleaner.com\/?s={search_term_string}"},"query-input":{"@type":"PropertyValueSpecification","valueRequired":true,"valueName":"search_term_string"}}],"inLanguage":"es"},{"@type":"Organization","@id":"https:\/\/industryvacuumcleaner.com\/#organization","name":"China fabricante de aspiradoras industriales","url":"https:\/\/industryvacuumcleaner.com\/","logo":{"@type":"ImageObject","inLanguage":"es","@id":"https:\/\/industryvacuumcleaner.com\/#\/schema\/logo\/image\/","url":"https:\/\/industryvacuumcleaner.com\/wp-content\/uploads\/2024\/02\/cropped-logo-no-background.png","contentUrl":"https:\/\/industryvacuumcleaner.com\/wp-content\/uploads\/2024\/02\/cropped-logo-no-background.png","width":1362,"height":347,"caption":"China industrial vacuum cleaner manufacturer"},"image":{"@id":"https:\/\/industryvacuumcleaner.com\/#\/schema\/logo\/image\/"},"sameAs":["https:\/\/www.facebook.com\/industryvacuumcleaner","https:\/\/www.linkedin.com\/company\/industry-vacuum-cleaner\/","https:\/\/www.youtube.com\/@industryvacuumcleaner\/videos","http:\/\/www.tiktok.com\/@juliezhaotrade"]}]}},"_links":{"self":[{"href":"https:\/\/industryvacuumcleaner.com\/es\/wp-json\/wp\/v2\/product\/25750","targetHints":{"allow":["GET"]}}],"collection":[{"href":"https:\/\/industryvacuumcleaner.com\/es\/wp-json\/wp\/v2\/product"}],"about":[{"href":"https:\/\/industryvacuumcleaner.com\/es\/wp-json\/wp\/v2\/types\/product"}],"wp:featuredmedia":[{"embeddable":true,"href":"https:\/\/industryvacuumcleaner.com\/es\/wp-json\/wp\/v2\/media\/27926"}],"wp:attachment":[{"href":"https:\/\/industryvacuumcleaner.com\/es\/wp-json\/wp\/v2\/media?parent=25750"}],"wp:term":[{"taxonomy":"product_brand","embeddable":true,"href":"https:\/\/industryvacuumcleaner.com\/es\/wp-json\/wp\/v2\/product_brand?post=25750"},{"taxonomy":"product_cat","embeddable":true,"href":"https:\/\/industryvacuumcleaner.com\/es\/wp-json\/wp\/v2\/product_cat?post=25750"},{"taxonomy":"product_tag","embeddable":true,"href":"https:\/\/industryvacuumcleaner.com\/es\/wp-json\/wp\/v2\/product_tag?post=25750"}],"curies":[{"name":"wp","href":"https:\/\/api.w.org\/{rel}","templated":true}]}}