{"id":27747,"date":"2024-03-25T07:09:40","date_gmt":"2024-03-25T07:09:40","guid":{"rendered":"https:\/\/industryvacuumcleaner.com\/?post_type=product&#038;p=27747"},"modified":"2024-07-02T02:38:43","modified_gmt":"2024-07-02T02:38:43","slug":"rider-floor-scrubber","status":"publish","type":"product","link":"https:\/\/industryvacuumcleaner.com\/de\/product\/rider-floor-scrubber\/","title":{"rendered":"Rider Scheuersaugmaschine"},"content":{"rendered":"<div class=\"ast-oembed-container\" style=\"height: 100%;\"><iframe title=\"Aufsitz-Scheuersaugmaschinen f\u00fcr Industrie und Gewerbe\" width=\"500\" height=\"375\" src=\"https:\/\/www.youtube.com\/embed\/dEBgjkRuwZI?feature=oembed\" frameborder=\"0\" allow=\"accelerometer; autoplay; clipboard-write; encrypted-media; gyroscope; picture-in-picture; web-share\" referrerpolicy=\"strict-origin-when-cross-origin\" allowfullscreen><\/iframe><\/div>","protected":false},"excerpt":{"rendered":"<p>Die Scheuersaugmaschinen von Jfurther Rider bieten L\u00f6sungen, die eine effektive Reinigung garantieren und gleichzeitig die h\u00f6chsten Qualit\u00e4ts- und Produktivit\u00e4tsstandards erf\u00fcllen.<\/p>","protected":false},"featured_media":27748,"template":"","meta":{"nf_dc_page":"","site-sidebar-layout":"default","site-content-layout":"default","ast-site-content-layout":"default","site-content-style":"default","site-sidebar-style":"default","ast-global-header-display":"","ast-banner-title-visibility":"","ast-main-header-display":"","ast-hfb-above-header-display":"","ast-hfb-below-header-display":"","ast-hfb-mobile-header-display":"","site-post-title":"","ast-breadcrumbs-content":"","ast-featured-img":"","footer-sml-layout":"","ast-disable-related-posts":"","theme-transparent-header-meta":"default","adv-header-id-meta":"","stick-header-meta":"","header-above-stick-meta":"","header-main-stick-meta":"","header-below-stick-meta":"","astra-migrate-meta-layouts":"set","ast-page-background-enabled":"default","ast-page-background-meta":{"desktop":{"background-color":"","background-image":"","background-repeat":"repeat","background-position":"center center","background-size":"auto","background-attachment":"scroll","background-type":"","background-media":"","overlay-type":"","overlay-color":"","overlay-opacity":"","overlay-gradient":""},"tablet":{"background-color":"","background-image":"","background-repeat":"repeat","background-position":"center center","background-size":"auto","background-attachment":"scroll","background-type":"","background-media":"","overlay-type":"","overlay-color":"","overlay-opacity":"","overlay-gradient":""},"mobile":{"background-color":"","background-image":"","background-repeat":"repeat","background-position":"center center","background-size":"auto","background-attachment":"scroll","background-type":"","background-media":"","overlay-type":"","overlay-color":"","overlay-opacity":"","overlay-gradient":""}},"ast-content-background-meta":{"desktop":{"background-color":"var(--ast-global-color-5)","background-image":"","background-repeat":"repeat","background-position":"center center","background-size":"auto","background-attachment":"scroll","background-type":"","background-media":"","overlay-type":"","overlay-color":"","overlay-opacity":"","overlay-gradient":""},"tablet":{"background-color":"var(--ast-global-color-5)","background-image":"","background-repeat":"repeat","background-position":"center center","background-size":"auto","background-attachment":"scroll","background-type":"","background-media":"","overlay-type":"","overlay-color":"","overlay-opacity":"","overlay-gradient":""},"mobile":{"background-color":"var(--ast-global-color-5)","background-image":"","background-repeat":"repeat","background-position":"center center","background-size":"auto","background-attachment":"scroll","background-type":"","background-media":"","overlay-type":"","overlay-color":"","overlay-opacity":"","overlay-gradient":""}}},"product_brand":[],"product_cat":[38],"product_tag":[121,120,119,118],"class_list":{"0":"post-27747","1":"product","2":"type-product","3":"status-publish","4":"has-post-thumbnail","6":"product_cat-floor-scrubber","7":"product_tag-commercial-cleaning","8":"product_tag-commercial-floor-scrubber","9":"product_tag-floor-scrubber","10":"product_tag-rider-floor-scrubber","11":"desktop-align-left","12":"tablet-align-left","13":"mobile-align-left","15":"first","16":"instock","17":"shipping-taxable","18":"product-type-simple"},"yoast_head":"<!-- This site is optimized with the Yoast SEO plugin v27.4 - https:\/\/yoast.com\/product\/yoast-seo-wordpress\/ -->\n<title>Rider Floor Scrubber - China industrial vacuum cleaner manufacturer<\/title>\n<meta name=\"description\" content=\"Jfurther rider floor scrubbers deliver solutions that guarantee effective cleaning while upholding the utmost standards of quality and productivity.\" \/>\n<meta name=\"robots\" content=\"index, follow, max-snippet:-1, max-image-preview:large, max-video-preview:-1\" \/>\n<link rel=\"canonical\" href=\"https:\/\/industryvacuumcleaner.com\/de\/product\/rider-floor-scrubber\/\" \/>\n<meta property=\"og:locale\" content=\"de_DE\" \/>\n<meta property=\"og:type\" content=\"article\" \/>\n<meta property=\"og:title\" content=\"Rider Floor Scrubber - China industrial vacuum cleaner manufacturer\" \/>\n<meta property=\"og:description\" content=\"Jfurther rider floor scrubbers deliver solutions that guarantee effective cleaning while upholding the utmost standards of quality and productivity.\" \/>\n<meta property=\"og:url\" content=\"https:\/\/industryvacuumcleaner.com\/de\/product\/rider-floor-scrubber\/\" \/>\n<meta property=\"og:site_name\" content=\"China industrial vacuum cleaner manufacturer\" \/>\n<meta property=\"article:publisher\" content=\"https:\/\/www.facebook.com\/industryvacuumcleaner\" \/>\n<meta property=\"article:modified_time\" content=\"2024-07-02T02:38:43+00:00\" \/>\n<meta property=\"og:image\" content=\"https:\/\/industryvacuumcleaner.com\/wp-content\/uploads\/2024\/03\/rider-floor-scrubber.jpg\" \/>\n\t<meta property=\"og:image:width\" content=\"1479\" \/>\n\t<meta property=\"og:image:height\" content=\"1280\" \/>\n\t<meta property=\"og:image:type\" content=\"image\/jpeg\" \/>\n<meta name=\"twitter:card\" content=\"summary_large_image\" \/>\n<meta name=\"twitter:label1\" content=\"Gesch\u00e4tzte Lesezeit\" \/>\n\t<meta name=\"twitter:data1\" content=\"1\u00a0Minute\" \/>\n<script type=\"application\/ld+json\" class=\"yoast-schema-graph\">{\"@context\":\"https:\\\/\\\/schema.org\",\"@graph\":[{\"@type\":\"WebPage\",\"@id\":\"https:\\\/\\\/industryvacuumcleaner.com\\\/product\\\/rider-floor-scrubber\\\/\",\"url\":\"https:\\\/\\\/industryvacuumcleaner.com\\\/product\\\/rider-floor-scrubber\\\/\",\"name\":\"Rider Floor Scrubber - China industrial vacuum cleaner manufacturer\",\"isPartOf\":{\"@id\":\"https:\\\/\\\/industryvacuumcleaner.com\\\/#website\"},\"primaryImageOfPage\":{\"@id\":\"https:\\\/\\\/industryvacuumcleaner.com\\\/product\\\/rider-floor-scrubber\\\/#primaryimage\"},\"image\":{\"@id\":\"https:\\\/\\\/industryvacuumcleaner.com\\\/product\\\/rider-floor-scrubber\\\/#primaryimage\"},\"thumbnailUrl\":\"https:\\\/\\\/industryvacuumcleaner.com\\\/wp-content\\\/uploads\\\/2024\\\/03\\\/rider-floor-scrubber.jpg\",\"datePublished\":\"2024-03-25T07:09:40+00:00\",\"dateModified\":\"2024-07-02T02:38:43+00:00\",\"description\":\"Jfurther rider floor scrubbers deliver solutions that guarantee effective cleaning while upholding the utmost standards of quality and productivity.\",\"breadcrumb\":{\"@id\":\"https:\\\/\\\/industryvacuumcleaner.com\\\/product\\\/rider-floor-scrubber\\\/#breadcrumb\"},\"inLanguage\":\"de\",\"potentialAction\":[{\"@type\":\"ReadAction\",\"target\":[\"https:\\\/\\\/industryvacuumcleaner.com\\\/product\\\/rider-floor-scrubber\\\/\"]}]},{\"@type\":\"ImageObject\",\"inLanguage\":\"de\",\"@id\":\"https:\\\/\\\/industryvacuumcleaner.com\\\/product\\\/rider-floor-scrubber\\\/#primaryimage\",\"url\":\"https:\\\/\\\/industryvacuumcleaner.com\\\/wp-content\\\/uploads\\\/2024\\\/03\\\/rider-floor-scrubber.jpg\",\"contentUrl\":\"https:\\\/\\\/industryvacuumcleaner.com\\\/wp-content\\\/uploads\\\/2024\\\/03\\\/rider-floor-scrubber.jpg\",\"width\":1479,\"height\":1280,\"caption\":\"rider floor scrubber\"},{\"@type\":\"BreadcrumbList\",\"@id\":\"https:\\\/\\\/industryvacuumcleaner.com\\\/product\\\/rider-floor-scrubber\\\/#breadcrumb\",\"itemListElement\":[{\"@type\":\"ListItem\",\"position\":1,\"name\":\"Home\",\"item\":\"https:\\\/\\\/industryvacuumcleaner.com\\\/\"},{\"@type\":\"ListItem\",\"position\":2,\"name\":\"Other Cleaners\",\"item\":\"https:\\\/\\\/industryvacuumcleaner.com\\\/other-cleaners\\\/\"},{\"@type\":\"ListItem\",\"position\":3,\"name\":\"Rider Floor Scrubber\"}]},{\"@type\":\"WebSite\",\"@id\":\"https:\\\/\\\/industryvacuumcleaner.com\\\/#website\",\"url\":\"https:\\\/\\\/industryvacuumcleaner.com\\\/\",\"name\":\"China industrial vacuum cleaner manufacturer\",\"description\":\"Industrial vacuum cleaner: Better prices. Better products.\",\"publisher\":{\"@id\":\"https:\\\/\\\/industryvacuumcleaner.com\\\/#organization\"},\"potentialAction\":[{\"@type\":\"SearchAction\",\"target\":{\"@type\":\"EntryPoint\",\"urlTemplate\":\"https:\\\/\\\/industryvacuumcleaner.com\\\/?s={search_term_string}\"},\"query-input\":{\"@type\":\"PropertyValueSpecification\",\"valueRequired\":true,\"valueName\":\"search_term_string\"}}],\"inLanguage\":\"de\"},{\"@type\":\"Organization\",\"@id\":\"https:\\\/\\\/industryvacuumcleaner.com\\\/#organization\",\"name\":\"China industrial vacuum cleaner manufacturer\",\"url\":\"https:\\\/\\\/industryvacuumcleaner.com\\\/\",\"logo\":{\"@type\":\"ImageObject\",\"inLanguage\":\"de\",\"@id\":\"https:\\\/\\\/industryvacuumcleaner.com\\\/#\\\/schema\\\/logo\\\/image\\\/\",\"url\":\"https:\\\/\\\/industryvacuumcleaner.com\\\/wp-content\\\/uploads\\\/2024\\\/02\\\/cropped-logo-no-background.png\",\"contentUrl\":\"https:\\\/\\\/industryvacuumcleaner.com\\\/wp-content\\\/uploads\\\/2024\\\/02\\\/cropped-logo-no-background.png\",\"width\":1362,\"height\":347,\"caption\":\"China industrial vacuum cleaner manufacturer\"},\"image\":{\"@id\":\"https:\\\/\\\/industryvacuumcleaner.com\\\/#\\\/schema\\\/logo\\\/image\\\/\"},\"sameAs\":[\"https:\\\/\\\/www.facebook.com\\\/industryvacuumcleaner\",\"https:\\\/\\\/www.linkedin.com\\\/company\\\/industry-vacuum-cleaner\\\/\",\"https:\\\/\\\/www.youtube.com\\\/@industryvacuumcleaner\\\/videos\",\"http:\\\/\\\/www.tiktok.com\\\/@juliezhaotrade\"]}]}<\/script>\n<!-- \/ Yoast SEO plugin. -->","yoast_head_json":{"title":"Rider Floor Scrubber - China Industriestaubsauger Hersteller","description":"Die Scheuersaugmaschinen von Jfurther Rider bieten L\u00f6sungen, die eine effektive Reinigung garantieren und gleichzeitig die h\u00f6chsten Qualit\u00e4ts- und Produktivit\u00e4tsstandards erf\u00fcllen.","robots":{"index":"index","follow":"follow","max-snippet":"max-snippet:-1","max-image-preview":"max-image-preview:large","max-video-preview":"max-video-preview:-1"},"canonical":"https:\/\/industryvacuumcleaner.com\/de\/product\/rider-floor-scrubber\/","og_locale":"de_DE","og_type":"article","og_title":"Rider Floor Scrubber - China industrial vacuum cleaner manufacturer","og_description":"Jfurther rider floor scrubbers deliver solutions that guarantee effective cleaning while upholding the utmost standards of quality and productivity.","og_url":"https:\/\/industryvacuumcleaner.com\/de\/product\/rider-floor-scrubber\/","og_site_name":"China industrial vacuum cleaner manufacturer","article_publisher":"https:\/\/www.facebook.com\/industryvacuumcleaner","article_modified_time":"2024-07-02T02:38:43+00:00","og_image":[{"width":1479,"height":1280,"url":"https:\/\/industryvacuumcleaner.com\/wp-content\/uploads\/2024\/03\/rider-floor-scrubber.jpg","type":"image\/jpeg"}],"twitter_card":"summary_large_image","twitter_misc":{"Gesch\u00e4tzte Lesezeit":"1\u00a0Minute"},"schema":{"@context":"https:\/\/schema.org","@graph":[{"@type":"WebPage","@id":"https:\/\/industryvacuumcleaner.com\/product\/rider-floor-scrubber\/","url":"https:\/\/industryvacuumcleaner.com\/product\/rider-floor-scrubber\/","name":"Rider Floor Scrubber - China Industriestaubsauger Hersteller","isPartOf":{"@id":"https:\/\/industryvacuumcleaner.com\/#website"},"primaryImageOfPage":{"@id":"https:\/\/industryvacuumcleaner.com\/product\/rider-floor-scrubber\/#primaryimage"},"image":{"@id":"https:\/\/industryvacuumcleaner.com\/product\/rider-floor-scrubber\/#primaryimage"},"thumbnailUrl":"https:\/\/industryvacuumcleaner.com\/wp-content\/uploads\/2024\/03\/rider-floor-scrubber.jpg","datePublished":"2024-03-25T07:09:40+00:00","dateModified":"2024-07-02T02:38:43+00:00","description":"Die Scheuersaugmaschinen von Jfurther Rider bieten L\u00f6sungen, die eine effektive Reinigung garantieren und gleichzeitig die h\u00f6chsten Qualit\u00e4ts- und Produktivit\u00e4tsstandards erf\u00fcllen.","breadcrumb":{"@id":"https:\/\/industryvacuumcleaner.com\/product\/rider-floor-scrubber\/#breadcrumb"},"inLanguage":"de","potentialAction":[{"@type":"ReadAction","target":["https:\/\/industryvacuumcleaner.com\/product\/rider-floor-scrubber\/"]}]},{"@type":"ImageObject","inLanguage":"de","@id":"https:\/\/industryvacuumcleaner.com\/product\/rider-floor-scrubber\/#primaryimage","url":"https:\/\/industryvacuumcleaner.com\/wp-content\/uploads\/2024\/03\/rider-floor-scrubber.jpg","contentUrl":"https:\/\/industryvacuumcleaner.com\/wp-content\/uploads\/2024\/03\/rider-floor-scrubber.jpg","width":1479,"height":1280,"caption":"rider floor scrubber"},{"@type":"BreadcrumbList","@id":"https:\/\/industryvacuumcleaner.com\/product\/rider-floor-scrubber\/#breadcrumb","itemListElement":[{"@type":"ListItem","position":1,"name":"Home","item":"https:\/\/industryvacuumcleaner.com\/"},{"@type":"ListItem","position":2,"name":"Other Cleaners","item":"https:\/\/industryvacuumcleaner.com\/other-cleaners\/"},{"@type":"ListItem","position":3,"name":"Rider Floor Scrubber"}]},{"@type":"WebSite","@id":"https:\/\/industryvacuumcleaner.com\/#website","url":"https:\/\/industryvacuumcleaner.com\/","name":"China Industriestaubsauger Hersteller","description":"Industriestaubsauger: Bessere Preise. Bessere Produkte.","publisher":{"@id":"https:\/\/industryvacuumcleaner.com\/#organization"},"potentialAction":[{"@type":"SearchAction","target":{"@type":"EntryPoint","urlTemplate":"https:\/\/industryvacuumcleaner.com\/?s={search_term_string}"},"query-input":{"@type":"PropertyValueSpecification","valueRequired":true,"valueName":"search_term_string"}}],"inLanguage":"de"},{"@type":"Organization","@id":"https:\/\/industryvacuumcleaner.com\/#organization","name":"China Industriestaubsauger Hersteller","url":"https:\/\/industryvacuumcleaner.com\/","logo":{"@type":"ImageObject","inLanguage":"de","@id":"https:\/\/industryvacuumcleaner.com\/#\/schema\/logo\/image\/","url":"https:\/\/industryvacuumcleaner.com\/wp-content\/uploads\/2024\/02\/cropped-logo-no-background.png","contentUrl":"https:\/\/industryvacuumcleaner.com\/wp-content\/uploads\/2024\/02\/cropped-logo-no-background.png","width":1362,"height":347,"caption":"China industrial vacuum cleaner manufacturer"},"image":{"@id":"https:\/\/industryvacuumcleaner.com\/#\/schema\/logo\/image\/"},"sameAs":["https:\/\/www.facebook.com\/industryvacuumcleaner","https:\/\/www.linkedin.com\/company\/industry-vacuum-cleaner\/","https:\/\/www.youtube.com\/@industryvacuumcleaner\/videos","http:\/\/www.tiktok.com\/@juliezhaotrade"]}]}},"_links":{"self":[{"href":"https:\/\/industryvacuumcleaner.com\/de\/wp-json\/wp\/v2\/product\/27747","targetHints":{"allow":["GET"]}}],"collection":[{"href":"https:\/\/industryvacuumcleaner.com\/de\/wp-json\/wp\/v2\/product"}],"about":[{"href":"https:\/\/industryvacuumcleaner.com\/de\/wp-json\/wp\/v2\/types\/product"}],"wp:featuredmedia":[{"embeddable":true,"href":"https:\/\/industryvacuumcleaner.com\/de\/wp-json\/wp\/v2\/media\/27748"}],"wp:attachment":[{"href":"https:\/\/industryvacuumcleaner.com\/de\/wp-json\/wp\/v2\/media?parent=27747"}],"wp:term":[{"taxonomy":"product_brand","embeddable":true,"href":"https:\/\/industryvacuumcleaner.com\/de\/wp-json\/wp\/v2\/product_brand?post=27747"},{"taxonomy":"product_cat","embeddable":true,"href":"https:\/\/industryvacuumcleaner.com\/de\/wp-json\/wp\/v2\/product_cat?post=27747"},{"taxonomy":"product_tag","embeddable":true,"href":"https:\/\/industryvacuumcleaner.com\/de\/wp-json\/wp\/v2\/product_tag?post=27747"}],"curies":[{"name":"wp","href":"https:\/\/api.w.org\/{rel}","templated":true}]}}