{"id":27423,"date":"2023-09-30T03:05:03","date_gmt":"2023-09-30T03:05:03","guid":{"rendered":"https:\/\/industryvacuumcleaner.com\/?post_type=product&#038;p=27423"},"modified":"2024-06-03T04:30:45","modified_gmt":"2024-06-03T04:30:45","slug":"industrial-heavy-duty-silent-vacuum-cleaner","status":"publish","type":"product","link":"https:\/\/industryvacuumcleaner.com\/de\/product\/industrial-heavy-duty-silent-vacuum-cleaner\/","title":{"rendered":"Industrieller Schwerlast-Staubsauger Silent"},"content":{"rendered":"<h4><img fetchpriority=\"high\" decoding=\"async\" class=\"alignnone wp-image-27649 size-full\" src=\"https:\/\/industryvacuumcleaner.com\/wp-content\/uploads\/2023\/12\/VACUUM-CLEANER-AND-DUST-COLLECTOR.png\" alt=\"\" width=\"1326\" height=\"750\" srcset=\"https:\/\/industryvacuumcleaner.com\/wp-content\/uploads\/2023\/12\/VACUUM-CLEANER-AND-DUST-COLLECTOR.png 1326w, https:\/\/industryvacuumcleaner.com\/wp-content\/uploads\/2023\/12\/VACUUM-CLEANER-AND-DUST-COLLECTOR-300x170.png 300w, https:\/\/industryvacuumcleaner.com\/wp-content\/uploads\/2023\/12\/VACUUM-CLEANER-AND-DUST-COLLECTOR-1024x579.png 1024w, https:\/\/industryvacuumcleaner.com\/wp-content\/uploads\/2023\/12\/VACUUM-CLEANER-AND-DUST-COLLECTOR-768x434.png 768w, https:\/\/industryvacuumcleaner.com\/wp-content\/uploads\/2023\/12\/VACUUM-CLEANER-AND-DUST-COLLECTOR-600x339.png 600w\" sizes=\"(max-width: 1326px) 100vw, 1326px\" \/>Industrieller Schwerlast-Staubsauger Silent<\/h4>\n<table width=\"1452\">\n<tbody>\n<tr>\n<td width=\"242\"><b>Modell<\/b><\/td>\n<td width=\"98\"><b>JF331<\/b><\/td>\n<td width=\"104\"><b>JF341<\/b><\/td>\n<td width=\"98\"><b>JF351<\/b><\/td>\n<td width=\"100\"><b>JF371<\/b><\/td>\n<td width=\"102\"><b>JF332<\/b><\/td>\n<td width=\"102\"><b>JF342<\/b><\/td>\n<td width=\"102\"><b>JF352<\/b><\/td>\n<td width=\"95\"><b>JF372<\/b><\/td>\n<td width=\"102\"><b>JF333<\/b><\/td>\n<td width=\"102\"><b>JF343<\/b><\/td>\n<td width=\"102\"><b>JF353<\/b><\/td>\n<td width=\"104\"><b>JF373<\/b><\/td>\n<\/tr>\n<tr>\n<td width=\"242\"><b>Strom<\/b> <b>Quelle<\/b><b>\uff08<\/b><b>V\/Hz<\/b><b>\uff09<\/b><\/td>\n<td colspan=\"4\" width=\"400\">Dreiphasig 380V 50HZ<\/td>\n<td colspan=\"4\" width=\"401\">Dreiphasig 380V 50HZ<\/td>\n<td colspan=\"4\" width=\"410\">Dreiphasig 380V 50HZ<\/td>\n<\/tr>\n<tr>\n<td width=\"242\"><b>Motor<\/b> <b>Strom<\/b><b>\uff08<\/b><b>KW<\/b><b>\uff09<\/b><\/td>\n<td width=\"98\">3.0<\/td>\n<td width=\"104\">4.0<\/td>\n<td width=\"98\">5.5<\/td>\n<td width=\"100\">7.5<\/td>\n<td width=\"102\">3.0<\/td>\n<td width=\"102\">4.0<\/td>\n<td width=\"102\">5.5<\/td>\n<td width=\"95\">7.5<\/td>\n<td width=\"102\">3.0<\/td>\n<td width=\"102\">4.0<\/td>\n<td width=\"102\">5.5<\/td>\n<td width=\"104\">7.5<\/td>\n<\/tr>\n<tr>\n<td width=\"242\"><b>Max. <\/b><b>Negativ\u00a0 <\/b><b>P<\/b><b>r<\/b><b>essu<\/b><b>r<\/b><b>e<\/b><b>\uff08<\/b><b>m<\/b><b>B<\/b><b>a<\/b><b>r)<\/b><\/td>\n<td width=\"98\">260<\/td>\n<td width=\"104\">260<\/td>\n<td width=\"98\">300<\/td>\n<td width=\"100\">320<\/td>\n<td width=\"102\">260<\/td>\n<td width=\"102\">260<\/td>\n<td width=\"102\">300<\/td>\n<td width=\"95\">320<\/td>\n<td width=\"102\">260<\/td>\n<td width=\"102\">260<\/td>\n<td width=\"102\">300<\/td>\n<td width=\"104\">320<\/td>\n<\/tr>\n<tr>\n<td width=\"242\"><b>Maximum <\/b><b>Luft<\/b> <b>Band<\/b><\/p>\n<p><b>\uff08<\/b><b>m<\/b><b>3<\/b><b>\/h<\/b><b>\uff09<\/b><\/td>\n<td width=\"98\">320<\/td>\n<td width=\"104\">420<\/td>\n<td width=\"98\">530<\/td>\n<td width=\"100\">530<\/td>\n<td width=\"102\">320<\/td>\n<td width=\"102\">420<\/td>\n<td width=\"102\">530<\/td>\n<td width=\"95\">530<\/td>\n<td width=\"102\">320<\/td>\n<td width=\"102\">420<\/td>\n<td width=\"102\">530<\/td>\n<td width=\"104\">530<\/td>\n<\/tr>\n<tr>\n<td width=\"242\"><b>Staub <\/b><b>Vibrierende<\/b> <b>Methode<\/b><\/td>\n<td colspan=\"4\" width=\"400\">Manuelle Staubvibration<\/td>\n<td colspan=\"4\" width=\"401\">R\u00fcckblasung Staub Vibration<\/td>\n<td colspan=\"4\" width=\"410\">Elektrische Staubvibrationen<\/td>\n<\/tr>\n<tr>\n<td width=\"242\"><b>Filter<\/b> <b>Typ<\/b><\/td>\n<td colspan=\"4\" width=\"400\">Sternf\u00f6rmiger Schlauchfilter<\/td>\n<td colspan=\"4\" width=\"401\">H Klasse HEPA<\/td>\n<td colspan=\"4\" width=\"410\">H Klasse HEPA<\/td>\n<\/tr>\n<tr>\n<td width=\"242\"><b>Filter<\/b> <b>Bereich<\/b><b>\uff08<\/b><b>m<\/b><b>2<\/b><b>\uff09<\/b><\/td>\n<td colspan=\"4\" width=\"400\">20,000<\/td>\n<td colspan=\"2\" width=\"204\">35,000<\/td>\n<td colspan=\"2\" width=\"197\">45,000<\/td>\n<td colspan=\"2\" width=\"204\">35,000<\/td>\n<td colspan=\"2\" width=\"206\">45,000<\/td>\n<\/tr>\n<tr>\n<td width=\"242\"><b>Filtrierung<\/b> <b>Leistung<\/b><\/td>\n<td colspan=\"4\" width=\"400\">1,0 um, min&gt;=99,0%<\/td>\n<td colspan=\"4\" width=\"401\">0.3um, min&gt;=99.5%<\/td>\n<td colspan=\"4\" width=\"410\">0.3um, min&gt;=99.5%<\/td>\n<\/tr>\n<tr>\n<td width=\"242\"><\/td>\n<td colspan=\"4\" width=\"400\">100L<\/td>\n<td colspan=\"4\" width=\"401\">100L<\/td>\n<td colspan=\"4\" width=\"410\">100L<\/td>\n<\/tr>\n<tr>\n<td width=\"242\"><b>L\u00e4rm<\/b><b>\uff08<\/b><b>dBA<\/b><b>\uff09<\/b><\/td>\n<td width=\"98\">74\u00b12<\/td>\n<td width=\"104\">76\u00b12<\/td>\n<td width=\"98\">76\u00b12<\/td>\n<td width=\"100\">78\u00b12<\/td>\n<td width=\"102\">74\u00b12<\/td>\n<td width=\"102\">76\u00b12<\/td>\n<td width=\"102\">76\u00b12<\/td>\n<td width=\"95\">78\u00b12<\/td>\n<td width=\"102\">74\u00b12<\/td>\n<td width=\"102\">76\u00b12<\/td>\n<td width=\"102\">76\u00b12<\/td>\n<td width=\"104\">78\u00b12<\/td>\n<\/tr>\n<tr>\n<td width=\"242\"><b>Gr\u00f6\u00dfe<\/b><b>\uff08<\/b><b>cm<\/b><b>\uff09<\/b><\/td>\n<td colspan=\"4\" width=\"400\">610x1080x1470<\/td>\n<td colspan=\"4\" width=\"401\">610x1080x1470<\/td>\n<td colspan=\"4\" width=\"410\">610x1080x1470<\/td>\n<\/tr>\n<tr>\n<td width=\"242\"><b>Gewicht<\/b><b>\uff08<\/b><b>kg<\/b><b>\uff09<\/b><\/td>\n<td width=\"98\">123<\/td>\n<td width=\"104\">143<\/td>\n<td width=\"98\">166<\/td>\n<td width=\"100\">170<\/td>\n<td width=\"102\">126<\/td>\n<td width=\"102\">146<\/td>\n<td width=\"102\">169<\/td>\n<td width=\"95\">173<\/td>\n<td width=\"102\">129<\/td>\n<td width=\"102\">149<\/td>\n<td width=\"102\">175<\/td>\n<td width=\"104\">179<\/td>\n<\/tr>\n<\/tbody>\n<\/table>\n<p>Wir k\u00f6nnen verschiedene Industriestaubsauger nach Kundenw\u00fcnschen herstellen.<\/p>\n<p><img decoding=\"async\" class=\"alignnone wp-image-27427 size-full\" src=\"https:\/\/industryvacuumcleaner.com\/wp-content\/uploads\/2023\/09\/Three-Phase-Heavy-Duty-Industrial-Vacuum-Cleaner.png\" alt=\"\" width=\"696\" height=\"246\" srcset=\"https:\/\/industryvacuumcleaner.com\/wp-content\/uploads\/2023\/09\/Three-Phase-Heavy-Duty-Industrial-Vacuum-Cleaner.png 696w, https:\/\/industryvacuumcleaner.com\/wp-content\/uploads\/2023\/09\/Three-Phase-Heavy-Duty-Industrial-Vacuum-Cleaner-300x106.png 300w, https:\/\/industryvacuumcleaner.com\/wp-content\/uploads\/2023\/09\/Three-Phase-Heavy-Duty-Industrial-Vacuum-Cleaner-600x212.png 600w\" sizes=\"(max-width: 696px) 100vw, 696px\" \/><\/p>\n<p>Das Energiesystem nimmt hohen Unterdruck Turbinenventilator, breiten Druck Dual-Frequenz, hohe Zuverl\u00e4ssigkeit, geringes Rauschen, lange Lebensdauer, kann kontinuierlich f\u00fcr 24 Stunden arbeiten. Leistung von 2,2kw-7kw optional. Ein vollst\u00e4ndiger Satz von Schneider elektrischen Komponenten, mit \u00dcberlast, \u00dcberhitzung, Kurzschluss-Schutz. Geteilte Struktur der oberen und unteren Trommeln, bequem und arbeitssparend f\u00fcr das Auskippen des M\u00fclls. Elektrostatische Spr\u00fchtrommel, sch\u00f6n und korrosionsbest\u00e4ndig. Importierte Faser beschichtete Filtertrommel, geringer Druckverlust, hohe Filtrationspr\u00e4zision.<\/p>\n<p><img decoding=\"async\" class=\"alignnone wp-image-27428 size-full\" src=\"https:\/\/industryvacuumcleaner.com\/wp-content\/uploads\/2023\/09\/Industrial-Vacuum-for-Woodworking.png\" alt=\"\" width=\"916\" height=\"226\" srcset=\"https:\/\/industryvacuumcleaner.com\/wp-content\/uploads\/2023\/09\/Industrial-Vacuum-for-Woodworking.png 916w, https:\/\/industryvacuumcleaner.com\/wp-content\/uploads\/2023\/09\/Industrial-Vacuum-for-Woodworking-300x74.png 300w, https:\/\/industryvacuumcleaner.com\/wp-content\/uploads\/2023\/09\/Industrial-Vacuum-for-Woodworking-768x189.png 768w, https:\/\/industryvacuumcleaner.com\/wp-content\/uploads\/2023\/09\/Industrial-Vacuum-for-Woodworking-600x148.png 600w\" sizes=\"(max-width: 916px) 100vw, 916px\" \/><\/p>\n<p><img loading=\"lazy\" decoding=\"async\" class=\"alignnone wp-image-27650 size-full\" src=\"https:\/\/industryvacuumcleaner.com\/wp-content\/uploads\/2023\/12\/HEPA-DUST-EXTRACTOR.jpg\" alt=\"\" width=\"750\" height=\"387\" srcset=\"https:\/\/industryvacuumcleaner.com\/wp-content\/uploads\/2023\/12\/HEPA-DUST-EXTRACTOR.jpg 750w, https:\/\/industryvacuumcleaner.com\/wp-content\/uploads\/2023\/12\/HEPA-DUST-EXTRACTOR-300x155.jpg 300w, https:\/\/industryvacuumcleaner.com\/wp-content\/uploads\/2023\/12\/HEPA-DUST-EXTRACTOR-600x310.jpg 600w\" sizes=\"(max-width: 750px) 100vw, 750px\" \/> <img loading=\"lazy\" decoding=\"async\" class=\"alignnone wp-image-27651 size-full\" src=\"https:\/\/industryvacuumcleaner.com\/wp-content\/uploads\/2023\/11\/industrial-vacuum-cleaner-accessories.png\" alt=\"\" width=\"1247\" height=\"695\" srcset=\"https:\/\/industryvacuumcleaner.com\/wp-content\/uploads\/2023\/11\/industrial-vacuum-cleaner-accessories.png 1247w, https:\/\/industryvacuumcleaner.com\/wp-content\/uploads\/2023\/11\/industrial-vacuum-cleaner-accessories-300x167.png 300w, https:\/\/industryvacuumcleaner.com\/wp-content\/uploads\/2023\/11\/industrial-vacuum-cleaner-accessories-1024x571.png 1024w, https:\/\/industryvacuumcleaner.com\/wp-content\/uploads\/2023\/11\/industrial-vacuum-cleaner-accessories-768x428.png 768w, https:\/\/industryvacuumcleaner.com\/wp-content\/uploads\/2023\/11\/industrial-vacuum-cleaner-accessories-600x334.png 600w\" sizes=\"(max-width: 1247px) 100vw, 1247px\" \/><\/p>","protected":false},"excerpt":{"rendered":"<p>Das Stromversorgungssystem ist mit einem Turbinenventilator mit hohem Unterdruck ausgestattet, der einen hohen Druck und eine doppelte Frequenz aufweist, sehr zuverl\u00e4ssig, ger\u00e4uscharm und langlebig ist und 24 Stunden lang ununterbrochen arbeiten kann.<\/p>","protected":false},"featured_media":27963,"template":"","meta":{"nf_dc_page":"","site-sidebar-layout":"default","site-content-layout":"default","ast-site-content-layout":"default","site-content-style":"default","site-sidebar-style":"default","ast-global-header-display":"","ast-banner-title-visibility":"","ast-main-header-display":"","ast-hfb-above-header-display":"","ast-hfb-below-header-display":"","ast-hfb-mobile-header-display":"","site-post-title":"","ast-breadcrumbs-content":"","ast-featured-img":"","footer-sml-layout":"","ast-disable-related-posts":"","theme-transparent-header-meta":"default","adv-header-id-meta":"","stick-header-meta":"","header-above-stick-meta":"","header-main-stick-meta":"","header-below-stick-meta":"","astra-migrate-meta-layouts":"set","ast-page-background-enabled":"default","ast-page-background-meta":{"desktop":{"background-color":"","background-image":"","background-repeat":"repeat","background-position":"center center","background-size":"auto","background-attachment":"scroll","background-type":"","background-media":"","overlay-type":"","overlay-color":"","overlay-opacity":"","overlay-gradient":""},"tablet":{"background-color":"","background-image":"","background-repeat":"repeat","background-position":"center center","background-size":"auto","background-attachment":"scroll","background-type":"","background-media":"","overlay-type":"","overlay-color":"","overlay-opacity":"","overlay-gradient":""},"mobile":{"background-color":"","background-image":"","background-repeat":"repeat","background-position":"center center","background-size":"auto","background-attachment":"scroll","background-type":"","background-media":"","overlay-type":"","overlay-color":"","overlay-opacity":"","overlay-gradient":""}},"ast-content-background-meta":{"desktop":{"background-color":"var(--ast-global-color-5)","background-image":"","background-repeat":"repeat","background-position":"center center","background-size":"auto","background-attachment":"scroll","background-type":"","background-media":"","overlay-type":"","overlay-color":"","overlay-opacity":"","overlay-gradient":""},"tablet":{"background-color":"var(--ast-global-color-5)","background-image":"","background-repeat":"repeat","background-position":"center center","background-size":"auto","background-attachment":"scroll","background-type":"","background-media":"","overlay-type":"","overlay-color":"","overlay-opacity":"","overlay-gradient":""},"mobile":{"background-color":"var(--ast-global-color-5)","background-image":"","background-repeat":"repeat","background-position":"center center","background-size":"auto","background-attachment":"scroll","background-type":"","background-media":"","overlay-type":"","overlay-color":"","overlay-opacity":"","overlay-gradient":""}}},"product_brand":[],"product_cat":[41],"product_tag":[103,106,107,84,105,108,43,51],"class_list":{"0":"post-27423","1":"product","2":"type-product","3":"status-publish","4":"has-post-thumbnail","6":"product_cat-bespoke-dust-collector","7":"product_tag-china-dust-collector","8":"product_tag-clean-room-vacuum-cleaner","9":"product_tag-cleanroom-vacuum-systems","10":"product_tag-dust-collection","11":"product_tag-dust-free","12":"product_tag-industrial-heavy-duty-silent-vacuum-cleaner","13":"product_tag-industrial-vacuum-cleaner","14":"product_tag-three-phase-industrial-vacuum-cleaner","15":"desktop-align-left","16":"tablet-align-left","17":"mobile-align-left","19":"first","20":"instock","21":"shipping-taxable","22":"product-type-simple"},"yoast_head":"<!-- This site is optimized with the Yoast SEO plugin v27.4 - https:\/\/yoast.com\/product\/yoast-seo-wordpress\/ -->\n<title>Industrial heavy duty Silent vacuum cleaner - China industrial vacuum cleaner manufacturer<\/title>\n<meta name=\"description\" content=\"Not only we can make some standard vacuum cleaners, also we can custom make industrial heavy duty silent vacuum cleaner per customers requirement.\" \/>\n<meta name=\"robots\" content=\"index, follow, max-snippet:-1, max-image-preview:large, max-video-preview:-1\" \/>\n<link rel=\"canonical\" href=\"https:\/\/industryvacuumcleaner.com\/de\/product\/industrial-heavy-duty-silent-vacuum-cleaner\/\" \/>\n<meta property=\"og:locale\" content=\"de_DE\" \/>\n<meta property=\"og:type\" content=\"article\" \/>\n<meta property=\"og:title\" content=\"Industrial heavy duty Silent vacuum cleaner - China industrial vacuum cleaner manufacturer\" \/>\n<meta property=\"og:description\" content=\"Not only we can make some standard vacuum cleaners, also we can custom make industrial heavy duty silent vacuum cleaner per customers requirement.\" \/>\n<meta property=\"og:url\" content=\"https:\/\/industryvacuumcleaner.com\/de\/product\/industrial-heavy-duty-silent-vacuum-cleaner\/\" \/>\n<meta property=\"og:site_name\" content=\"China industrial vacuum cleaner manufacturer\" \/>\n<meta property=\"article:publisher\" content=\"https:\/\/www.facebook.com\/industryvacuumcleaner\" \/>\n<meta property=\"article:modified_time\" content=\"2024-06-03T04:30:45+00:00\" \/>\n<meta property=\"og:image\" content=\"https:\/\/industryvacuumcleaner.com\/wp-content\/uploads\/2023\/09\/Industrial-Vacuum-for-Automotive-1.jpg\" \/>\n\t<meta property=\"og:image:width\" content=\"1280\" \/>\n\t<meta property=\"og:image:height\" content=\"1706\" \/>\n\t<meta property=\"og:image:type\" content=\"image\/jpeg\" \/>\n<meta name=\"twitter:card\" content=\"summary_large_image\" \/>\n<meta name=\"twitter:label1\" content=\"Gesch\u00e4tzte Lesezeit\" \/>\n\t<meta name=\"twitter:data1\" content=\"3\u00a0Minuten\" \/>\n<script type=\"application\/ld+json\" class=\"yoast-schema-graph\">{\"@context\":\"https:\\\/\\\/schema.org\",\"@graph\":[{\"@type\":\"WebPage\",\"@id\":\"https:\\\/\\\/industryvacuumcleaner.com\\\/product\\\/industrial-heavy-duty-silent-vacuum-cleaner\\\/\",\"url\":\"https:\\\/\\\/industryvacuumcleaner.com\\\/product\\\/industrial-heavy-duty-silent-vacuum-cleaner\\\/\",\"name\":\"Industrial heavy duty Silent vacuum cleaner - China industrial vacuum cleaner manufacturer\",\"isPartOf\":{\"@id\":\"https:\\\/\\\/industryvacuumcleaner.com\\\/#website\"},\"primaryImageOfPage\":{\"@id\":\"https:\\\/\\\/industryvacuumcleaner.com\\\/product\\\/industrial-heavy-duty-silent-vacuum-cleaner\\\/#primaryimage\"},\"image\":{\"@id\":\"https:\\\/\\\/industryvacuumcleaner.com\\\/product\\\/industrial-heavy-duty-silent-vacuum-cleaner\\\/#primaryimage\"},\"thumbnailUrl\":\"https:\\\/\\\/industryvacuumcleaner.com\\\/wp-content\\\/uploads\\\/2023\\\/09\\\/Industrial-Vacuum-for-Automotive-1.jpg\",\"datePublished\":\"2023-09-30T03:05:03+00:00\",\"dateModified\":\"2024-06-03T04:30:45+00:00\",\"description\":\"Not only we can make some standard vacuum cleaners, also we can custom make industrial heavy duty silent vacuum cleaner per customers requirement.\",\"breadcrumb\":{\"@id\":\"https:\\\/\\\/industryvacuumcleaner.com\\\/product\\\/industrial-heavy-duty-silent-vacuum-cleaner\\\/#breadcrumb\"},\"inLanguage\":\"de\",\"potentialAction\":[{\"@type\":\"ReadAction\",\"target\":[\"https:\\\/\\\/industryvacuumcleaner.com\\\/product\\\/industrial-heavy-duty-silent-vacuum-cleaner\\\/\"]}]},{\"@type\":\"ImageObject\",\"inLanguage\":\"de\",\"@id\":\"https:\\\/\\\/industryvacuumcleaner.com\\\/product\\\/industrial-heavy-duty-silent-vacuum-cleaner\\\/#primaryimage\",\"url\":\"https:\\\/\\\/industryvacuumcleaner.com\\\/wp-content\\\/uploads\\\/2023\\\/09\\\/Industrial-Vacuum-for-Automotive-1.jpg\",\"contentUrl\":\"https:\\\/\\\/industryvacuumcleaner.com\\\/wp-content\\\/uploads\\\/2023\\\/09\\\/Industrial-Vacuum-for-Automotive-1.jpg\",\"width\":1280,\"height\":1706,\"caption\":\"Industrial-Vacuum-for-Automotive\"},{\"@type\":\"BreadcrumbList\",\"@id\":\"https:\\\/\\\/industryvacuumcleaner.com\\\/product\\\/industrial-heavy-duty-silent-vacuum-cleaner\\\/#breadcrumb\",\"itemListElement\":[{\"@type\":\"ListItem\",\"position\":1,\"name\":\"Home\",\"item\":\"https:\\\/\\\/industryvacuumcleaner.com\\\/\"},{\"@type\":\"ListItem\",\"position\":2,\"name\":\"Other Cleaners\",\"item\":\"https:\\\/\\\/industryvacuumcleaner.com\\\/other-cleaners\\\/\"},{\"@type\":\"ListItem\",\"position\":3,\"name\":\"Industrial heavy duty Silent vacuum cleaner\"}]},{\"@type\":\"WebSite\",\"@id\":\"https:\\\/\\\/industryvacuumcleaner.com\\\/#website\",\"url\":\"https:\\\/\\\/industryvacuumcleaner.com\\\/\",\"name\":\"China industrial vacuum cleaner manufacturer\",\"description\":\"Industrial vacuum cleaner: Better prices. Better products.\",\"publisher\":{\"@id\":\"https:\\\/\\\/industryvacuumcleaner.com\\\/#organization\"},\"potentialAction\":[{\"@type\":\"SearchAction\",\"target\":{\"@type\":\"EntryPoint\",\"urlTemplate\":\"https:\\\/\\\/industryvacuumcleaner.com\\\/?s={search_term_string}\"},\"query-input\":{\"@type\":\"PropertyValueSpecification\",\"valueRequired\":true,\"valueName\":\"search_term_string\"}}],\"inLanguage\":\"de\"},{\"@type\":\"Organization\",\"@id\":\"https:\\\/\\\/industryvacuumcleaner.com\\\/#organization\",\"name\":\"China industrial vacuum cleaner manufacturer\",\"url\":\"https:\\\/\\\/industryvacuumcleaner.com\\\/\",\"logo\":{\"@type\":\"ImageObject\",\"inLanguage\":\"de\",\"@id\":\"https:\\\/\\\/industryvacuumcleaner.com\\\/#\\\/schema\\\/logo\\\/image\\\/\",\"url\":\"https:\\\/\\\/industryvacuumcleaner.com\\\/wp-content\\\/uploads\\\/2024\\\/02\\\/cropped-logo-no-background.png\",\"contentUrl\":\"https:\\\/\\\/industryvacuumcleaner.com\\\/wp-content\\\/uploads\\\/2024\\\/02\\\/cropped-logo-no-background.png\",\"width\":1362,\"height\":347,\"caption\":\"China industrial vacuum cleaner manufacturer\"},\"image\":{\"@id\":\"https:\\\/\\\/industryvacuumcleaner.com\\\/#\\\/schema\\\/logo\\\/image\\\/\"},\"sameAs\":[\"https:\\\/\\\/www.facebook.com\\\/industryvacuumcleaner\",\"https:\\\/\\\/www.linkedin.com\\\/company\\\/industry-vacuum-cleaner\\\/\",\"https:\\\/\\\/www.youtube.com\\\/@industryvacuumcleaner\\\/videos\",\"http:\\\/\\\/www.tiktok.com\\\/@juliezhaotrade\"]}]}<\/script>\n<!-- \/ Yoast SEO plugin. -->","yoast_head_json":{"title":"Industrieller Schwerlastsauger Silent - China Industriestaubsauger Hersteller","description":"Wir k\u00f6nnen nicht nur einige Standard-Staubsauger herstellen, sondern auch industrielle, ger\u00e4uscharme Hochleistungs-Staubsauger nach Kundenwunsch.","robots":{"index":"index","follow":"follow","max-snippet":"max-snippet:-1","max-image-preview":"max-image-preview:large","max-video-preview":"max-video-preview:-1"},"canonical":"https:\/\/industryvacuumcleaner.com\/de\/product\/industrial-heavy-duty-silent-vacuum-cleaner\/","og_locale":"de_DE","og_type":"article","og_title":"Industrial heavy duty Silent vacuum cleaner - China industrial vacuum cleaner manufacturer","og_description":"Not only we can make some standard vacuum cleaners, also we can custom make industrial heavy duty silent vacuum cleaner per customers requirement.","og_url":"https:\/\/industryvacuumcleaner.com\/de\/product\/industrial-heavy-duty-silent-vacuum-cleaner\/","og_site_name":"China industrial vacuum cleaner manufacturer","article_publisher":"https:\/\/www.facebook.com\/industryvacuumcleaner","article_modified_time":"2024-06-03T04:30:45+00:00","og_image":[{"width":1280,"height":1706,"url":"https:\/\/industryvacuumcleaner.com\/wp-content\/uploads\/2023\/09\/Industrial-Vacuum-for-Automotive-1.jpg","type":"image\/jpeg"}],"twitter_card":"summary_large_image","twitter_misc":{"Gesch\u00e4tzte Lesezeit":"3\u00a0Minuten"},"schema":{"@context":"https:\/\/schema.org","@graph":[{"@type":"WebPage","@id":"https:\/\/industryvacuumcleaner.com\/product\/industrial-heavy-duty-silent-vacuum-cleaner\/","url":"https:\/\/industryvacuumcleaner.com\/product\/industrial-heavy-duty-silent-vacuum-cleaner\/","name":"Industrieller Schwerlastsauger Silent - China Industriestaubsauger Hersteller","isPartOf":{"@id":"https:\/\/industryvacuumcleaner.com\/#website"},"primaryImageOfPage":{"@id":"https:\/\/industryvacuumcleaner.com\/product\/industrial-heavy-duty-silent-vacuum-cleaner\/#primaryimage"},"image":{"@id":"https:\/\/industryvacuumcleaner.com\/product\/industrial-heavy-duty-silent-vacuum-cleaner\/#primaryimage"},"thumbnailUrl":"https:\/\/industryvacuumcleaner.com\/wp-content\/uploads\/2023\/09\/Industrial-Vacuum-for-Automotive-1.jpg","datePublished":"2023-09-30T03:05:03+00:00","dateModified":"2024-06-03T04:30:45+00:00","description":"Wir k\u00f6nnen nicht nur einige Standard-Staubsauger herstellen, sondern auch industrielle, ger\u00e4uscharme Hochleistungs-Staubsauger nach Kundenwunsch.","breadcrumb":{"@id":"https:\/\/industryvacuumcleaner.com\/product\/industrial-heavy-duty-silent-vacuum-cleaner\/#breadcrumb"},"inLanguage":"de","potentialAction":[{"@type":"ReadAction","target":["https:\/\/industryvacuumcleaner.com\/product\/industrial-heavy-duty-silent-vacuum-cleaner\/"]}]},{"@type":"ImageObject","inLanguage":"de","@id":"https:\/\/industryvacuumcleaner.com\/product\/industrial-heavy-duty-silent-vacuum-cleaner\/#primaryimage","url":"https:\/\/industryvacuumcleaner.com\/wp-content\/uploads\/2023\/09\/Industrial-Vacuum-for-Automotive-1.jpg","contentUrl":"https:\/\/industryvacuumcleaner.com\/wp-content\/uploads\/2023\/09\/Industrial-Vacuum-for-Automotive-1.jpg","width":1280,"height":1706,"caption":"Industrial-Vacuum-for-Automotive"},{"@type":"BreadcrumbList","@id":"https:\/\/industryvacuumcleaner.com\/product\/industrial-heavy-duty-silent-vacuum-cleaner\/#breadcrumb","itemListElement":[{"@type":"ListItem","position":1,"name":"Home","item":"https:\/\/industryvacuumcleaner.com\/"},{"@type":"ListItem","position":2,"name":"Other Cleaners","item":"https:\/\/industryvacuumcleaner.com\/other-cleaners\/"},{"@type":"ListItem","position":3,"name":"Industrial heavy duty Silent vacuum cleaner"}]},{"@type":"WebSite","@id":"https:\/\/industryvacuumcleaner.com\/#website","url":"https:\/\/industryvacuumcleaner.com\/","name":"China Industriestaubsauger Hersteller","description":"Industriestaubsauger: Bessere Preise. Bessere Produkte.","publisher":{"@id":"https:\/\/industryvacuumcleaner.com\/#organization"},"potentialAction":[{"@type":"SearchAction","target":{"@type":"EntryPoint","urlTemplate":"https:\/\/industryvacuumcleaner.com\/?s={search_term_string}"},"query-input":{"@type":"PropertyValueSpecification","valueRequired":true,"valueName":"search_term_string"}}],"inLanguage":"de"},{"@type":"Organization","@id":"https:\/\/industryvacuumcleaner.com\/#organization","name":"China Industriestaubsauger Hersteller","url":"https:\/\/industryvacuumcleaner.com\/","logo":{"@type":"ImageObject","inLanguage":"de","@id":"https:\/\/industryvacuumcleaner.com\/#\/schema\/logo\/image\/","url":"https:\/\/industryvacuumcleaner.com\/wp-content\/uploads\/2024\/02\/cropped-logo-no-background.png","contentUrl":"https:\/\/industryvacuumcleaner.com\/wp-content\/uploads\/2024\/02\/cropped-logo-no-background.png","width":1362,"height":347,"caption":"China industrial vacuum cleaner manufacturer"},"image":{"@id":"https:\/\/industryvacuumcleaner.com\/#\/schema\/logo\/image\/"},"sameAs":["https:\/\/www.facebook.com\/industryvacuumcleaner","https:\/\/www.linkedin.com\/company\/industry-vacuum-cleaner\/","https:\/\/www.youtube.com\/@industryvacuumcleaner\/videos","http:\/\/www.tiktok.com\/@juliezhaotrade"]}]}},"_links":{"self":[{"href":"https:\/\/industryvacuumcleaner.com\/de\/wp-json\/wp\/v2\/product\/27423","targetHints":{"allow":["GET"]}}],"collection":[{"href":"https:\/\/industryvacuumcleaner.com\/de\/wp-json\/wp\/v2\/product"}],"about":[{"href":"https:\/\/industryvacuumcleaner.com\/de\/wp-json\/wp\/v2\/types\/product"}],"wp:featuredmedia":[{"embeddable":true,"href":"https:\/\/industryvacuumcleaner.com\/de\/wp-json\/wp\/v2\/media\/27963"}],"wp:attachment":[{"href":"https:\/\/industryvacuumcleaner.com\/de\/wp-json\/wp\/v2\/media?parent=27423"}],"wp:term":[{"taxonomy":"product_brand","embeddable":true,"href":"https:\/\/industryvacuumcleaner.com\/de\/wp-json\/wp\/v2\/product_brand?post=27423"},{"taxonomy":"product_cat","embeddable":true,"href":"https:\/\/industryvacuumcleaner.com\/de\/wp-json\/wp\/v2\/product_cat?post=27423"},{"taxonomy":"product_tag","embeddable":true,"href":"https:\/\/industryvacuumcleaner.com\/de\/wp-json\/wp\/v2\/product_tag?post=27423"}],"curies":[{"name":"wp","href":"https:\/\/api.w.org\/{rel}","templated":true}]}}